{"id":91982,"date":"2022-09-05T10:40:48","date_gmt":"2022-09-05T10:40:48","guid":{"rendered":"https:\/\/www.epralima.com\/website\/?page_id=91982"},"modified":"2022-09-09T08:56:00","modified_gmt":"2022-09-09T08:56:00","slug":"multiplicador-eurodesk","status":"publish","type":"page","link":"https:\/\/www.epralima.com\/website\/multiplicador-eurodesk\/","title":{"rendered":"Multiplicador Eurodesk"},"content":{"rendered":"<div class=\"wpb-content-wrapper\"><p>[vc_row row_height_percent=&#8221;65&#8243; override_padding=&#8221;yes&#8221; h_padding=&#8221;2&#8243; top_padding=&#8221;5&#8243; bottom_padding=&#8221;2&#8243; overlay_alpha=&#8221;50&#8243; gutter_size=&#8221;3&#8243; column_width_percent=&#8221;100&#8243; shift_y=&#8221;0&#8243; z_index=&#8221;0&#8243;][vc_column column_width_percent=&#8221;100&#8243; position_vertical=&#8221;middle&#8221; gutter_size=&#8221;5&#8243; overlay_alpha=&#8221;50&#8243; shift_x=&#8221;0&#8243; shift_y=&#8221;0&#8243; shift_y_down=&#8221;0&#8243; z_index=&#8221;0&#8243; medium_width=&#8221;0&#8243; mobile_width=&#8221;0&#8243; width=&#8221;1\/1&#8243;][vc_row_inner row_inner_height_percent=&#8221;0&#8243; overlay_alpha=&#8221;50&#8243; gutter_size=&#8221;4&#8243; shift_y=&#8221;0&#8243; z_index=&#8221;0&#8243;][vc_column_inner column_width_percent=&#8221;100&#8243; gutter_size=&#8221;1&#8243; overlay_alpha=&#8221;50&#8243; shift_x=&#8221;0&#8243; shift_y=&#8221;0&#8243; shift_y_down=&#8221;0&#8243; z_index=&#8221;0&#8243; medium_width=&#8221;0&#8243; mobile_width=&#8221;0&#8243; width=&#8221;1\/3&#8243;][vc_empty_space empty_h=&#8221;0&#8243;][vc_custom_heading heading_semantic=&#8221;h6&#8243; text_size=&#8221;fontsize-160000&#8243; text_transform=&#8221;uppercase&#8221; text_space=&#8221;fontspace-135905&#8243; text_color=&#8221;accent&#8221;]Multiplicador Eurodesk_Epralima[\/vc_custom_heading][vc_empty_space empty_h=&#8221;2&#8243;][vc_single_image media=&#8221;91984&#8243; media_width_percent=&#8221;80&#8243;][\/vc_column_inner][vc_column_inner column_width_percent=&#8221;100&#8243; gutter_size=&#8221;2&#8243; overlay_alpha=&#8221;50&#8243; shift_x=&#8221;0&#8243; shift_y=&#8221;0&#8243; shift_y_down=&#8221;0&#8243; z_index=&#8221;0&#8243; medium_width=&#8221;0&#8243; mobile_width=&#8221;0&#8243; width=&#8221;2\/3&#8243;][vc_custom_heading heading_semantic=&#8221;h3&#8243; text_size=&#8221;fontsize-155944&#8243;]Multiplicador Eurodesk[\/vc_custom_heading][vc_column_text]O <strong>Multiplicador Eurodesk_Epralima<\/strong>, encontra-se na sede da Epralima, localizada na zona escolar de Arcos de Valdevez, na Rua Dr. Ant\u00f3nio Pimenta Ribeiro. Este servi\u00e7o pretende sensibilizar os jovens sobre oportunidades de aprendizagem e mobilidade juvenil, candidaturas a programas ERASMUS+ e incentiv\u00e1-los a tornarem-se cidad\u00e3os ativos, para al\u00e9m de assegurar a mobilidade juvenil no espa\u00e7o europeu e o acesso a diversas oportunidades de ativa\u00e7\u00e3o e participa\u00e7\u00e3o jovem, de base local.<\/p>\n<p>Enquanto \u201cMultiplicador Eurodesk\u201d, a Epralima, participa regularmente em encontros da rede nacional e a\u00e7\u00f5es de capacita\u00e7\u00e3o e sensibiliza\u00e7\u00e3o dos Programas, divulgando localmente as oportunidades e ofertas no \u00e2mbito do ERASMUS+ e CES\/Corpo Europeu de Solidariedade.<\/p>\n<p>Atrav\u00e9s do Multiplicador Eurodesk_Epralima podes:[\/vc_column_text][\/vc_column_inner][\/vc_row_inner][vc_row_inner row_inner_height_percent=&#8221;0&#8243; overlay_alpha=&#8221;50&#8243; gutter_size=&#8221;4&#8243; shift_y=&#8221;0&#8243; z_index=&#8221;0&#8243;][vc_column_inner column_width_percent=&#8221;100&#8243; gutter_size=&#8221;3&#8243; overlay_alpha=&#8221;50&#8243; shift_x=&#8221;0&#8243; shift_y=&#8221;0&#8243; shift_y_down=&#8221;0&#8243; z_index=&#8221;0&#8243; medium_width=&#8221;0&#8243; mobile_width=&#8221;0&#8243; width=&#8221;1\/6&#8243;][vc_icon display=&#8221;inline&#8221; icon_image=&#8221;91207&#8243; icon_color=&#8221;accent&#8221; text_size=&#8221;h4&#8243; text_height=&#8221;fontheight-524109&#8243; title=&#8221;Estudar&#8221;][\/vc_icon][\/vc_column_inner][vc_column_inner column_width_percent=&#8221;100&#8243; gutter_size=&#8221;3&#8243; overlay_alpha=&#8221;50&#8243; shift_x=&#8221;0&#8243; shift_y=&#8221;0&#8243; shift_y_down=&#8221;0&#8243; z_index=&#8221;0&#8243; medium_width=&#8221;0&#8243; mobile_width=&#8221;0&#8243; width=&#8221;1\/6&#8243;][vc_icon display=&#8221;inline&#8221; icon_image=&#8221;91205&#8243; icon_color=&#8221;accent&#8221; text_size=&#8221;h4&#8243; text_height=&#8221;fontheight-524109&#8243; title=&#8221;Voluntariado&#8221;][\/vc_icon][\/vc_column_inner][vc_column_inner column_width_percent=&#8221;100&#8243; gutter_size=&#8221;3&#8243; overlay_alpha=&#8221;50&#8243; shift_x=&#8221;0&#8243; shift_y=&#8221;0&#8243; shift_y_down=&#8221;0&#8243; z_index=&#8221;0&#8243; medium_width=&#8221;0&#8243; mobile_width=&#8221;0&#8243; width=&#8221;1\/6&#8243;][vc_icon display=&#8221;inline&#8221; icon_image=&#8221;91208&#8243; icon_color=&#8221;accent&#8221; text_size=&#8221;h4&#8243; text_height=&#8221;fontheight-524109&#8243; title=&#8221;Est\u00e1gios&#8221;][\/vc_icon][\/vc_column_inner][vc_column_inner width=&#8221;1\/6&#8243;][vc_icon display=&#8221;inline&#8221; icon_image=&#8221;88756&#8243; icon_color=&#8221;accent&#8221; text_size=&#8221;h4&#8243; text_height=&#8221;fontheight-524109&#8243; title=&#8221;Viajar&#8221;][\/vc_icon][\/vc_column_inner][vc_column_inner width=&#8221;1\/6&#8243;][vc_icon display=&#8221;inline&#8221; icon_image=&#8221;91204&#8243; icon_color=&#8221;accent&#8221; text_size=&#8221;h4&#8243; text_height=&#8221;fontheight-524109&#8243; title=&#8221;Bolsas de Estudo&#8221;][\/vc_icon][\/vc_column_inner][vc_column_inner column_width_percent=&#8221;100&#8243; gutter_size=&#8221;3&#8243; overlay_alpha=&#8221;50&#8243; shift_x=&#8221;0&#8243; shift_y=&#8221;0&#8243; shift_y_down=&#8221;0&#8243; z_index=&#8221;0&#8243; desktop_visibility=&#8221;yes&#8221; medium_visibility=&#8221;yes&#8221; medium_width=&#8221;0&#8243; mobile_visibility=&#8221;yes&#8221; mobile_width=&#8221;0&#8243; width=&#8221;1\/6&#8243;][\/vc_column_inner][\/vc_row_inner][\/vc_column][\/vc_row][vc_row row_height_percent=&#8221;65&#8243; override_padding=&#8221;yes&#8221; h_padding=&#8221;2&#8243; top_padding=&#8221;0&#8243; bottom_padding=&#8221;2&#8243; overlay_alpha=&#8221;50&#8243; gutter_size=&#8221;3&#8243; column_width_percent=&#8221;100&#8243; shift_y=&#8221;0&#8243; z_index=&#8221;0&#8243; el_class=&#8221;mapa-erasmus&#8221;][vc_column column_width_percent=&#8221;100&#8243; position_vertical=&#8221;middle&#8221; gutter_size=&#8221;2&#8243; overlay_alpha=&#8221;50&#8243; shift_x=&#8221;0&#8243; shift_y=&#8221;0&#8243; shift_y_down=&#8221;0&#8243; z_index=&#8221;0&#8243; medium_width=&#8221;0&#8243; mobile_width=&#8221;0&#8243; width=&#8221;1\/1&#8243;][vc_custom_heading heading_semantic=&#8221;h5&#8243; text_size=&#8221;h5&#8243;]Em qualquer pa\u00eds da Uni\u00e3o Europeia ou pa\u00eds parceiro do programa Erasmus+:[\/vc_custom_heading][vc_single_image media=&#8221;91997&#8243; media_width_percent=&#8221;100&#8243; alignment=&#8221;center&#8221;][\/vc_column][\/vc_row][vc_row row_height_percent=&#8221;0&#8243; override_padding=&#8221;yes&#8221; h_padding=&#8221;2&#8243; top_padding=&#8221;2&#8243; bottom_padding=&#8221;5&#8243; overlay_alpha=&#8221;50&#8243; gutter_size=&#8221;4&#8243; column_width_percent=&#8221;100&#8243; shift_y=&#8221;0&#8243; z_index=&#8221;0&#8243;][vc_column column_width_percent=&#8221;100&#8243; gutter_size=&#8221;3&#8243; overlay_alpha=&#8221;50&#8243; shift_x=&#8221;0&#8243; shift_y=&#8221;0&#8243; shift_y_down=&#8221;0&#8243; z_index=&#8221;0&#8243; medium_width=&#8221;4&#8243; mobile_width=&#8221;0&#8243; width=&#8221;1\/2&#8243; el_class=&#8221;inverted-device-order&#8221;][vc_single_image media=&#8221;88813&#8243; media_width_percent=&#8221;100&#8243; media_ratio=&#8221;four-three&#8221; alignment=&#8221;right&#8221;][\/vc_column][vc_column column_width_percent=&#8221;100&#8243; position_horizontal=&#8221;left&#8221; position_vertical=&#8221;middle&#8221; gutter_size=&#8221;3&#8243; overlay_alpha=&#8221;50&#8243; shift_x=&#8221;0&#8243; shift_y=&#8221;0&#8243; shift_y_down=&#8221;0&#8243; z_index=&#8221;0&#8243; medium_width=&#8221;4&#8243; mobile_width=&#8221;0&#8243; width=&#8221;1\/2&#8243;][vc_custom_heading heading_semantic=&#8221;h3&#8243; text_size=&#8221;fontsize-155944&#8243;]O que \u00e9 o Eurodesk?[\/vc_custom_heading][vc_column_text]A Eurodesk, criada em 1990, \u00e9 uma rede europeia de informa\u00e7\u00e3o para jovens. Como organiza\u00e7\u00e3o de apoio ao Erasmus+, a Eurodesk torna a informa\u00e7\u00e3o sobre mobilidades para fins de aprendizagem abrangente e acess\u00edvel aos jovens e profissionais que trabalham com jovens.<\/p>\n<p>A rede \u00e9 composta por 38 Centros Eurodesk, em 36 pa\u00edses europeus, cuja atividade aumenta a sensibiliza\u00e7\u00e3o para as oportunidades europeias e incentiva os jovens a tornarem-se cidad\u00e3os ativos. A Eurodesk une mais de 1.500 <em>\u201cmultiplicadores e embaixadores\u201d<\/em> que s\u00e3o organiza\u00e7\u00f5es regionais ou locais que trabalham com jovens, e que fornecem informa\u00e7\u00f5es sobre jovens e aconselham jovens sobre as oportunidades de mobilidade.[\/vc_column_text][\/vc_column][\/vc_row][vc_row row_height_percent=&#8221;0&#8243; override_padding=&#8221;yes&#8221; h_padding=&#8221;2&#8243; top_padding=&#8221;5&#8243; bottom_padding=&#8221;5&#8243; back_color=&#8221;color-lxmt&#8221; overlay_alpha=&#8221;50&#8243; gutter_size=&#8221;4&#8243; column_width_percent=&#8221;100&#8243; shift_y=&#8221;0&#8243; z_index=&#8221;0&#8243;][vc_column column_width_percent=&#8221;100&#8243; gutter_size=&#8221;2&#8243; overlay_alpha=&#8221;50&#8243; shift_x=&#8221;0&#8243; shift_y=&#8221;0&#8243; shift_y_down=&#8221;0&#8243; z_index=&#8221;0&#8243; medium_width=&#8221;0&#8243; mobile_width=&#8221;0&#8243; width=&#8221;1\/1&#8243;][vc_row_inner][vc_column_inner column_width_percent=&#8221;100&#8243; gutter_size=&#8221;2&#8243; overlay_alpha=&#8221;50&#8243; shift_x=&#8221;0&#8243; shift_y=&#8221;0&#8243; shift_y_down=&#8221;0&#8243; z_index=&#8221;0&#8243; medium_width=&#8221;0&#8243; mobile_width=&#8221;0&#8243; width=&#8221;4\/12&#8243;][vc_custom_heading heading_semantic=&#8221;h3&#8243; text_size=&#8221;fontsize-155944&#8243;]Oportunidades[\/vc_custom_heading][vc_empty_space empty_h=&#8221;2&#8243; desktop_visibility=&#8221;yes&#8221;][\/vc_column_inner][vc_column_inner column_width_percent=&#8221;100&#8243; gutter_size=&#8221;3&#8243; overlay_alpha=&#8221;50&#8243; shift_x=&#8221;0&#8243; shift_y=&#8221;0&#8243; shift_y_down=&#8221;0&#8243; z_index=&#8221;0&#8243; medium_visibility=&#8221;yes&#8221; medium_width=&#8221;0&#8243; mobile_visibility=&#8221;yes&#8221; mobile_width=&#8221;0&#8243; width=&#8221;2\/12&#8243;][\/vc_column_inner][vc_column_inner width=&#8221;6\/12&#8243;][\/vc_column_inner][\/vc_row_inner][vc_empty_space empty_h=&#8221;2&#8243;][vc_row_inner][vc_column_inner column_width_percent=&#8221;100&#8243; gutter_size=&#8221;3&#8243; overlay_alpha=&#8221;50&#8243; shift_x=&#8221;0&#8243; shift_y=&#8221;0&#8243; shift_y_down=&#8221;0&#8243; z_index=&#8221;0&#8243; medium_width=&#8221;4&#8243; mobile_width=&#8221;4&#8243; width=&#8221;1\/4&#8243;][vc_single_image media=&#8221;92030&#8243; media_width_percent=&#8221;100&#8243; media_ratio=&#8221;one-one&#8221; media_link=&#8221;url:https%3A%2F%2Fprogrammes.eurodesk.eu%2Flearning&#8221;][vc_column_text]Conhece oportunidades e projetos internacionais[\/vc_column_text][\/vc_column_inner][vc_column_inner column_width_percent=&#8221;100&#8243; gutter_size=&#8221;3&#8243; overlay_alpha=&#8221;50&#8243; shift_x=&#8221;0&#8243; shift_y=&#8221;0&#8243; shift_y_down=&#8221;0&#8243; z_index=&#8221;0&#8243; medium_width=&#8221;4&#8243; mobile_width=&#8221;4&#8243; width=&#8221;1\/4&#8243;][vc_single_image media=&#8221;92031&#8243; media_width_percent=&#8221;100&#8243; media_ratio=&#8221;one-one&#8221; media_link=&#8221;url:https%3A%2F%2Fwww.juventude.pt%2Fpt%2Fpages%2Feurodesk&#8221;][vc_column_text]Conhece a Rede Internacional de Multiplicadores Eurodesk[\/vc_column_text][\/vc_column_inner][vc_column_inner column_width_percent=&#8221;100&#8243; gutter_size=&#8221;3&#8243; overlay_alpha=&#8221;50&#8243; shift_x=&#8221;0&#8243; shift_y=&#8221;0&#8243; shift_y_down=&#8221;0&#8243; z_index=&#8221;0&#8243; medium_width=&#8221;4&#8243; mobile_width=&#8221;4&#8243; width=&#8221;1\/4&#8243;][vc_single_image media=&#8221;92032&#8243; media_width_percent=&#8221;100&#8243; media_ratio=&#8221;one-one&#8221; media_link=&#8221;url:https%3A%2F%2Fwww.juventude.pt%2Fpt%2Fpages%2Feurope4youth&#8221;][vc_column_text]Conhece a Aplica\u00e7\u00e3o Europe4Youth[\/vc_column_text][\/vc_column_inner][vc_column_inner column_width_percent=&#8221;100&#8243; gutter_size=&#8221;3&#8243; overlay_alpha=&#8221;50&#8243; shift_x=&#8221;0&#8243; shift_y=&#8221;0&#8243; shift_y_down=&#8221;0&#8243; z_index=&#8221;0&#8243; medium_width=&#8221;4&#8243; mobile_width=&#8221;4&#8243; width=&#8221;1\/4&#8243;][vc_single_image media=&#8221;92033&#8243; media_width_percent=&#8221;100&#8243; media_ratio=&#8221;one-one&#8221; media_link=&#8221;url:https%3A%2F%2Feuropa.eu%2Fyouth%2Fhome_en&#8221;][vc_column_text]Conhece o European Youth Portal[\/vc_column_text][\/vc_column_inner][\/vc_row_inner][\/vc_column][\/vc_row][vc_row row_height_percent=&#8221;0&#8243; back_image=&#8221;91198&#8243; back_repeat=&#8221;repeat-x&#8221; overlay_alpha=&#8221;50&#8243; gutter_size=&#8221;3&#8243; column_width_percent=&#8221;100&#8243; shift_y=&#8221;0&#8243; z_index=&#8221;0&#8243; el_id=&#8221;microsoft-365&#8243;][vc_column width=&#8221;1\/1&#8243;][\/vc_column][\/vc_row][vc_row row_height_percent=&#8221;0&#8243; override_padding=&#8221;yes&#8221; h_padding=&#8221;3&#8243; top_padding=&#8221;1&#8243; bottom_padding=&#8221;1&#8243; overlay_alpha=&#8221;50&#8243; gutter_size=&#8221;3&#8243; column_width_percent=&#8221;100&#8243; shift_y=&#8221;0&#8243; z_index=&#8221;0&#8243;][vc_column width=&#8221;1\/1&#8243;][vc_empty_space empty_h=&#8221;3&#8243;][\/vc_column][\/vc_row]<\/p>\n<\/div>","protected":false},"excerpt":{"rendered":"<p>[vc_row row_height_percent=&#8221;65&#8243; override_padding=&#8221;yes&#8221; h_padding=&#8221;2&#8243; top_padding=&#8221;5&#8243; bottom_padding=&#8221;2&#8243; overlay_alpha=&#8221;50&#8243; gutter_size=&#8221;3&#8243; column_width_percent=&#8221;100&#8243; shift_y=&#8221;0&#8243; z_index=&#8221;0&#8243;][vc_column column_width_percent=&#8221;100&#8243; position_vertical=&#8221;middle&#8221; gutter_size=&#8221;5&#8243; overlay_alpha=&#8221;50&#8243; shift_x=&#8221;0&#8243; shift_y=&#8221;0&#8243; shift_y_down=&#8221;0&#8243; z_index=&#8221;0&#8243; medium_width=&#8221;0&#8243; [&hellip;]<\/p>\n","protected":false},"author":2,"featured_media":0,"parent":0,"menu_order":0,"comment_status":"closed","ping_status":"closed","template":"","meta":{"_acf_changed":false,"om_disable_all_campaigns":false,"_monsterinsights_skip_tracking":false,"_monsterinsights_sitenote_active":false,"_monsterinsights_sitenote_note":"","_monsterinsights_sitenote_category":0,"_uf_show_specific_survey":0,"_uf_disable_surveys":false,"footnotes":""},"class_list":["post-91982","page","type-page","status-publish","hentry"],"acf":[],"aioseo_notices":[],"_links":{"self":[{"href":"https:\/\/www.epralima.com\/website\/wp-json\/wp\/v2\/pages\/91982","targetHints":{"allow":["GET"]}}],"collection":[{"href":"https:\/\/www.epralima.com\/website\/wp-json\/wp\/v2\/pages"}],"about":[{"href":"https:\/\/www.epralima.com\/website\/wp-json\/wp\/v2\/types\/page"}],"author":[{"embeddable":true,"href":"https:\/\/www.epralima.com\/website\/wp-json\/wp\/v2\/users\/2"}],"replies":[{"embeddable":true,"href":"https:\/\/www.epralima.com\/website\/wp-json\/wp\/v2\/comments?post=91982"}],"version-history":[{"count":42,"href":"https:\/\/www.epralima.com\/website\/wp-json\/wp\/v2\/pages\/91982\/revisions"}],"predecessor-version":[{"id":92064,"href":"https:\/\/www.epralima.com\/website\/wp-json\/wp\/v2\/pages\/91982\/revisions\/92064"}],"wp:attachment":[{"href":"https:\/\/www.epralima.com\/website\/wp-json\/wp\/v2\/media?parent=91982"}],"curies":[{"name":"wp","href":"https:\/\/api.w.org\/{rel}","templated":true}]}}