{"id":90583,"date":"2021-05-06T10:04:29","date_gmt":"2021-05-06T10:04:29","guid":{"rendered":"https:\/\/www.epralima.com\/website\/?page_id=90583"},"modified":"2021-05-20T14:55:23","modified_gmt":"2021-05-20T14:55:23","slug":"area-pessoal-documentacao","status":"publish","type":"page","link":"https:\/\/www.epralima.com\/website\/area-pessoal-documentacao\/","title":{"rendered":"\u00c1rea Pessoal &#8211; Documenta\u00e7\u00e3o"},"content":{"rendered":"<div class=\"wpb-content-wrapper\"><p>[vc_row][vc_column][vc_custom_heading text_font=&#8221;font-762333&#8243; text_weight=&#8221;600&#8243;]\u00c1rea Pessoal &#8211; Documenta\u00e7\u00e3o[\/vc_custom_heading][vc_column_text]Na sua \u00e1rea pessoal poder\u00e1 encontrar toda a documenta\u00e7\u00e3o que precisa.[\/vc_column_text][vc_column_text]<iframe title=\"\u00c1rea Pessoal\" src=\"https:\/\/www.epralima.com\/epralima\/index.php\/2012-11-02-12-12-42\" height=\"800px\"><span data-mce-type=\"bookmark\" style=\"display: inline-block; width: 0px; overflow: hidden; line-height: 0;\" class=\"mce_SELRES_start\">\ufeff<\/span><br \/>\n<\/iframe>[\/vc_column_text][\/vc_column][\/vc_row]<\/p>\n<\/div>","protected":false},"excerpt":{"rendered":"<p>[vc_row][vc_column][vc_custom_heading text_font=&#8221;font-762333&#8243; text_weight=&#8221;600&#8243;]\u00c1rea Pessoal &#8211; Documenta\u00e7\u00e3o[\/vc_custom_heading][vc_column_text]Na sua \u00e1rea pessoal poder\u00e1 encontrar toda a documenta\u00e7\u00e3o que precisa.[\/vc_column_text][vc_column_text]\ufeff [\/vc_column_text][\/vc_column][\/vc_row]<\/p>\n","protected":false},"author":1,"featured_media":0,"parent":0,"menu_order":0,"comment_status":"closed","ping_status":"closed","template":"","meta":{"_acf_changed":false,"om_disable_all_campaigns":false,"_monsterinsights_skip_tracking":false,"_monsterinsights_sitenote_active":false,"_monsterinsights_sitenote_note":"","_monsterinsights_sitenote_category":0,"_uf_show_specific_survey":0,"_uf_disable_surveys":false,"footnotes":""},"class_list":["post-90583","page","type-page","status-publish","hentry"],"acf":[],"aioseo_notices":[],"_links":{"self":[{"href":"https:\/\/www.epralima.com\/website\/wp-json\/wp\/v2\/pages\/90583","targetHints":{"allow":["GET"]}}],"collection":[{"href":"https:\/\/www.epralima.com\/website\/wp-json\/wp\/v2\/pages"}],"about":[{"href":"https:\/\/www.epralima.com\/website\/wp-json\/wp\/v2\/types\/page"}],"author":[{"embeddable":true,"href":"https:\/\/www.epralima.com\/website\/wp-json\/wp\/v2\/users\/1"}],"replies":[{"embeddable":true,"href":"https:\/\/www.epralima.com\/website\/wp-json\/wp\/v2\/comments?post=90583"}],"version-history":[{"count":11,"href":"https:\/\/www.epralima.com\/website\/wp-json\/wp\/v2\/pages\/90583\/revisions"}],"predecessor-version":[{"id":90897,"href":"https:\/\/www.epralima.com\/website\/wp-json\/wp\/v2\/pages\/90583\/revisions\/90897"}],"wp:attachment":[{"href":"https:\/\/www.epralima.com\/website\/wp-json\/wp\/v2\/media?parent=90583"}],"curies":[{"name":"wp","href":"https:\/\/api.w.org\/{rel}","templated":true}]}}