{"id":89823,"date":"2021-04-20T15:22:49","date_gmt":"2021-04-20T15:22:49","guid":{"rendered":"http:\/\/epralima.com\/website\/?page_id=89823"},"modified":"2024-12-19T17:53:07","modified_gmt":"2024-12-19T17:53:07","slug":"inscricoes-formacao-de-adultos","status":"publish","type":"page","link":"https:\/\/www.epralima.com\/website\/inscricoes-formacao-de-adultos\/","title":{"rendered":"Inscri\u00e7\u00f5es Forma\u00e7\u00e3o de Adultos"},"content":{"rendered":"<div class=\"wpb-content-wrapper\"><p>[vc_row row_height_percent=&#8221;0&#8243; override_padding=&#8221;yes&#8221; h_padding=&#8221;2&#8243; top_padding=&#8221;0&#8243; bottom_padding=&#8221;5&#8243; back_color=&#8221;color-xsdn&#8221; overlay_alpha=&#8221;50&#8243; gutter_size=&#8221;3&#8243; column_width_percent=&#8221;100&#8243; shift_y=&#8221;0&#8243; z_index=&#8221;0&#8243;][vc_column column_width_percent=&#8221;100&#8243; gutter_size=&#8221;4&#8243; overlay_alpha=&#8221;50&#8243; shift_x=&#8221;0&#8243; shift_y=&#8221;0&#8243; shift_y_down=&#8221;0&#8243; z_index=&#8221;0&#8243; medium_width=&#8221;0&#8243; mobile_width=&#8221;0&#8243; width=&#8221;1\/1&#8243;][vc_row_inner row_inner_height_percent=&#8221;0&#8243; overlay_alpha=&#8221;50&#8243; gutter_size=&#8221;4&#8243; shift_y=&#8221;0&#8243;][vc_column_inner column_width_percent=&#8221;100&#8243; gutter_size=&#8221;3&#8243; override_padding=&#8221;yes&#8221; column_padding=&#8221;3&#8243; back_color=&#8221;color-xsdn&#8221; overlay_alpha=&#8221;50&#8243; shift_x=&#8221;0&#8243; shift_y=&#8221;-4&#8243; shift_y_down=&#8221;0&#8243; z_index=&#8221;0&#8243; medium_width=&#8221;0&#8243; mobile_width=&#8221;0&#8243; radius=&#8221;sm&#8221; shadow=&#8221;lg&#8221; width=&#8221;9\/12&#8243;][vc_custom_heading heading_semantic=&#8221;h3&#8243; subheading=&#8221;&#8212;&#8211;&#8220;]Fa\u00e7a aqui a sua inscri\u00e7\u00e3o 2024 | 2025 | 2026 [\/vc_custom_heading]\n<div class=\"wpcf7 no-js\" id=\"wpcf7-f89826-o1\" lang=\"en-US\" dir=\"ltr\">\n<div class=\"screen-reader-response\"><p role=\"status\" aria-live=\"polite\" aria-atomic=\"true\"><\/p> <ul><\/ul><\/div>\n<form action=\"\/website\/wp-json\/wp\/v2\/pages\/89823#wpcf7-f89826-o1\" method=\"post\" class=\"wpcf7-form init input-background\" aria-label=\"Contact form\" novalidate=\"novalidate\" data-status=\"init\">\n<div style=\"display: none;\">\n<input type=\"hidden\" name=\"_wpcf7\" value=\"89826\" \/>\n<input type=\"hidden\" name=\"_wpcf7_version\" value=\"5.9.6\" \/>\n<input type=\"hidden\" name=\"_wpcf7_locale\" value=\"en_US\" \/>\n<input type=\"hidden\" name=\"_wpcf7_unit_tag\" value=\"wpcf7-f89826-o1\" \/>\n<input type=\"hidden\" name=\"_wpcf7_container_post\" value=\"0\" \/>\n<input type=\"hidden\" name=\"_wpcf7_posted_data_hash\" value=\"\" \/>\n<input type=\"hidden\" name=\"_wpcf7_recaptcha_response\" value=\"\" \/>\n<\/div>\n<p style=\"color:#bb4a26\">DADOS DO ALUNO\n<\/p>\n<p><label for=\"nome\">Nome Completo<\/label><span class=\"wpcf7-form-control-wrap\" data-name=\"nome\"><input size=\"40\" maxlength=\"80\" class=\"wpcf7-form-control wpcf7-text wpcf7-validates-as-required form-fluid\" id=\"nome\" aria-required=\"true\" aria-invalid=\"false\" value=\"\" type=\"text\" name=\"nome\" \/><\/span>\n<\/p>\n<div class=\"wpcf7-inline-wrapper\">\n\t<p class=\"wpcf7-inline-field\"><label for=\"nif\">NIF<\/label><span class=\"wpcf7-form-control-wrap\" data-name=\"nif\"><input size=\"40\" maxlength=\"80\" class=\"wpcf7-form-control wpcf7-text wpcf7-validates-as-required\" id=\"nif\" aria-required=\"true\" aria-invalid=\"false\" value=\"\" type=\"text\" name=\"nif\" \/><\/span>\n\t<\/p>\n\t<p class=\"wpcf7-inline-field\"><label for=\"cc\">Cart\u00e3o de Cidad\u00e3o<\/label><span class=\"wpcf7-form-control-wrap\" data-name=\"cc\"><input size=\"40\" maxlength=\"80\" class=\"wpcf7-form-control wpcf7-text wpcf7-validates-as-required\" id=\"cc\" aria-required=\"true\" aria-invalid=\"false\" value=\"\" type=\"text\" name=\"cc\" \/><\/span>\n\t<\/p>\n\t<p class=\"wpcf7-inline-field\"><label for=\"nacionalidade\">Nacionalidade<\/label><span class=\"wpcf7-form-control-wrap\" data-name=\"nacionalidade\"><input size=\"40\" maxlength=\"80\" class=\"wpcf7-form-control wpcf7-text wpcf7-validates-as-required\" id=\"nacionalidade\" aria-required=\"true\" aria-invalid=\"false\" value=\"\" type=\"text\" name=\"nacionalidade\" \/><\/span>\n\t<\/p>\n<\/div>\n<div class=\"wpcf7-inline-wrapper\">\n\t<p class=\"wpcf7-inline-field\"><label for=\"nascimento\">Data de Nascimento<\/label><span class=\"wpcf7-form-control-wrap\" data-name=\"nascimento\"><input class=\"wpcf7-form-control wpcf7-date wpcf7-validates-as-required wpcf7-validates-as-date\" id=\"nascimento\" aria-required=\"true\" aria-invalid=\"false\" value=\"\" type=\"date\" name=\"nascimento\" \/><\/span>\n\t<\/p>\n\t<p class=\"wpcf7-inline-field\"><label for=\"sexo\">Sexo<\/label><span class=\"wpcf7-form-control-wrap\" data-name=\"sexo\"><select class=\"wpcf7-form-control wpcf7-select wpcf7-validates-as-required\" id=\"sexo\" aria-required=\"true\" aria-invalid=\"false\" name=\"sexo\"><option value=\"\">&#8212;Please choose an option&#8212;<\/option><option value=\"Feminino\">Feminino<\/option><option value=\"Masculino\">Masculino<\/option><option value=\"Outro\">Outro<\/option><\/select><\/span>\n\t<\/p>\n<\/div>\n<p><label for=\"morada\">Morada<\/label><span class=\"wpcf7-form-control-wrap\" data-name=\"morada\"><input size=\"40\" maxlength=\"80\" class=\"wpcf7-form-control wpcf7-text wpcf7-validates-as-required form-fluid\" id=\"morada\" aria-required=\"true\" aria-invalid=\"false\" value=\"\" type=\"text\" name=\"morada\" \/><\/span>\n<\/p>\n<div class=\"wpcf7-inline-wrapper\">\n\t<p class=\"wpcf7-inline-field\"><label for=\"email\">Email<\/label><span class=\"wpcf7-form-control-wrap\" data-name=\"email\"><input size=\"40\" maxlength=\"80\" class=\"wpcf7-form-control wpcf7-email wpcf7-validates-as-required wpcf7-text wpcf7-validates-as-email\" id=\"email\" aria-required=\"true\" aria-invalid=\"false\" value=\"\" type=\"email\" name=\"email\" \/><\/span>\n\t<\/p>\n\t<p class=\"wpcf7-inline-field\"><label for=\"telefone\">Telefone<\/label><span class=\"wpcf7-form-control-wrap\" data-name=\"telefone\"><input size=\"40\" maxlength=\"80\" class=\"wpcf7-form-control wpcf7-tel wpcf7-validates-as-required wpcf7-text wpcf7-validates-as-tel\" id=\"telefone\" aria-required=\"true\" aria-invalid=\"false\" value=\"\" type=\"tel\" name=\"telefone\" \/><\/span>\n\t<\/p>\n<\/div>\n<p style=\"color:#bb4a26\">ESCOLHA O SEU CURSO\n<\/p>\n<p><label for=\"opcao\">Op\u00e7\u00e3o\/Curso<\/label><span class=\"wpcf7-form-control-wrap\" data-name=\"opcao\"><select class=\"wpcf7-form-control wpcf7-select wpcf7-validates-as-required\" id=\"opcao\" aria-required=\"true\" aria-invalid=\"false\" name=\"opcao\"><option value=\"\">&#8212;Please choose an option&#8212;<\/option><option value=\"Secretariado \/\/ Forma\u00e7\u00f5es Financiadas\">Secretariado \/\/ Forma\u00e7\u00f5es Financiadas<\/option><option value=\"Prospe\u00e7\u00e3o, capta\u00e7\u00e3o e fideliza\u00e7\u00e3o de clientes \/\/ Forma\u00e7\u00f5es Financiadas\">Prospe\u00e7\u00e3o, capta\u00e7\u00e3o e fideliza\u00e7\u00e3o de clientes \/\/ Forma\u00e7\u00f5es Financiadas<\/option><option value=\"L\u00ednguas ao Servi\u00e7o do Turismo \/\/ Forma\u00e7\u00f5es Financiadas\">L\u00ednguas ao Servi\u00e7o do Turismo \/\/ Forma\u00e7\u00f5es Financiadas<\/option><option value=\"Log\u00edstica \/\/ Forma\u00e7\u00f5es Financiadas\">Log\u00edstica \/\/ Forma\u00e7\u00f5es Financiadas<\/option><option value=\"Ferramentas de produtividade e colabora\u00e7\u00e3o \/\/ Forma\u00e7\u00f5es Financiadas\">Ferramentas de produtividade e colabora\u00e7\u00e3o \/\/ Forma\u00e7\u00f5es Financiadas<\/option><option value=\"Ferramentas Avan\u00e7adas de produtividade e colabora\u00e7\u00e3o \/\/ Forma\u00e7\u00f5es Financiadas\">Ferramentas Avan\u00e7adas de produtividade e colabora\u00e7\u00e3o \/\/ Forma\u00e7\u00f5es Financiadas<\/option><option value=\"Com\u00e9rcio digital - Estrat\u00e9gia de empresa \/\/ Forma\u00e7\u00f5es Financiadas\">Com\u00e9rcio digital - Estrat\u00e9gia de empresa \/\/ Forma\u00e7\u00f5es Financiadas<\/option><option value=\"Compet\u00eancias Digitais \/\/ Forma\u00e7\u00f5es Financiadas\">Compet\u00eancias Digitais \/\/ Forma\u00e7\u00f5es Financiadas<\/option><option value=\"Animador\/a Sociocultural \/\/ Forma\u00e7\u00f5es Financiadas\">Animador\/a Sociocultural \/\/ Forma\u00e7\u00f5es Financiadas<\/option><option value=\"Costureiro\/a Modista \/\/ Forma\u00e7\u00f5es Financiadas\">Costureiro\/a Modista \/\/ Forma\u00e7\u00f5es Financiadas<\/option><option value=\"Eletricista de Instala\u00e7\u00f5es \/\/ Forma\u00e7\u00f5es Financiadas\">Eletricista de Instala\u00e7\u00f5es \/\/ Forma\u00e7\u00f5es Financiadas<\/option><option value=\"Cabeleireiro\/a \/\/ Forma\u00e7\u00f5es Financiadas\">Cabeleireiro\/a \/\/ Forma\u00e7\u00f5es Financiadas<\/option><option value=\"Cuidados a Idosos \/\/ Forma\u00e7\u00f5es Financiadas\">Cuidados a Idosos \/\/ Forma\u00e7\u00f5es Financiadas<\/option><option value=\"Empregado\/a Andares \/\/ Forma\u00e7\u00f5es Financiadas\">Empregado\/a Andares \/\/ Forma\u00e7\u00f5es Financiadas<\/option><option value=\"Banca e Seguros \/\/ Forma\u00e7\u00f5es Financiadas\">Banca e Seguros \/\/ Forma\u00e7\u00f5es Financiadas<\/option><option value=\"T\u00e9cnico\/a de Fotografia \/\/ Forma\u00e7\u00f5es Financiadas\">T\u00e9cnico\/a de Fotografia \/\/ Forma\u00e7\u00f5es Financiadas<\/option><option value=\"T\u00e9cnico\/a de Contabilidade \/\/ Forma\u00e7\u00f5es Financiadas\">T\u00e9cnico\/a de Contabilidade \/\/ Forma\u00e7\u00f5es Financiadas<\/option><option value=\"T\u00e9cnico\/a de Cozinha \/\/ Forma\u00e7\u00f5es Financiadas\">T\u00e9cnico\/a de Cozinha \/\/ Forma\u00e7\u00f5es Financiadas<\/option><option value=\"Esteticista \/\/ Forma\u00e7\u00f5es Financiadas\">Esteticista \/\/ Forma\u00e7\u00f5es Financiadas<\/option><option value=\"T\u00e9cnico\/a de Multim\u00e9dia \/\/ EFA Financiado\">T\u00e9cnico\/a de Multim\u00e9dia \/\/ EFA Financiado<\/option><option value=\"T\u00e9cnico\/a Modelista de Vestu\u00e1rio \/\/ EFA Financiado\">T\u00e9cnico\/a Modelista de Vestu\u00e1rio \/\/ EFA Financiado<\/option><option value=\"Programa Qualifica\">Programa Qualifica<\/option><option value=\"Ingl\u00eas Aplicado \u00e0 Empresa \/\/ Forma\u00e7\u00f5es Modulares Financiadas\">Ingl\u00eas Aplicado \u00e0 Empresa \/\/ Forma\u00e7\u00f5es Modulares Financiadas<\/option><option value=\"Desenvolvimento Pessoal e Profissional \/\/ Forma\u00e7\u00f5es Modulares Financiadas\">Desenvolvimento Pessoal e Profissional \/\/ Forma\u00e7\u00f5es Modulares Financiadas<\/option><option value=\"L\u00ednguas nos Servi\u00e7os de Turismo \/\/ Forma\u00e7\u00f5es Modulares Financiadas\">L\u00ednguas nos Servi\u00e7os de Turismo \/\/ Forma\u00e7\u00f5es Modulares Financiadas<\/option><option value=\"Qualidade e Seguran\u00e7a no Trabalho \/\/ Forma\u00e7\u00f5es Modulares Financiadas\">Qualidade e Seguran\u00e7a no Trabalho \/\/ Forma\u00e7\u00f5es Modulares Financiadas<\/option><option value=\"Espanhol - Atendimento \/\/ Forma\u00e7\u00f5es Modulares Financiadas\">Espanhol - Atendimento \/\/ Forma\u00e7\u00f5es Modulares Financiadas<\/option><option value=\"T\u00e9cnicas de Marketing e Imagem de Empresa \/\/ Forma\u00e7\u00f5es Modulares Financiadas\">T\u00e9cnicas de Marketing e Imagem de Empresa \/\/ Forma\u00e7\u00f5es Modulares Financiadas<\/option><option value=\"Assistente Administrativo em Empresas \/\/ Forma\u00e7\u00f5es Modulares Financiadas\">Assistente Administrativo em Empresas \/\/ Forma\u00e7\u00f5es Modulares Financiadas<\/option><option value=\"Marketing Comercial \/\/ Forma\u00e7\u00f5es Modulares Financiadas\">Marketing Comercial \/\/ Forma\u00e7\u00f5es Modulares Financiadas<\/option><option value=\"Planeamento e Gest\u00e3o de Or\u00e7amento \/\/ Forma\u00e7\u00f5es Modulares Financiadas\">Planeamento e Gest\u00e3o de Or\u00e7amento \/\/ Forma\u00e7\u00f5es Modulares Financiadas<\/option><option value=\"Apoio Familiar \u00e0 Comunidade \/\/ Forma\u00e7\u00f5es Modulares Financiadas\">Apoio Familiar \u00e0 Comunidade \/\/ Forma\u00e7\u00f5es Modulares Financiadas<\/option><option value=\"Portugu\u00eas L\u00edngua de Acolhimento\">Portugu\u00eas L\u00edngua de Acolhimento<\/option><option value=\"Outro Curso\">Outro Curso<\/option><\/select><\/span>\n<\/p>\n<p><label for=\"Other\" id=\"otherClassesLabel\">Descreva qual o curso que gostava de frequentar<\/label><span class=\"wpcf7-form-control-wrap\" data-name=\"outroCurso\"><input size=\"40\" maxlength=\"80\" class=\"wpcf7-form-control wpcf7-text\" id=\"otherClasses\" aria-invalid=\"false\" value=\"\" type=\"text\" name=\"outroCurso\" \/><\/span>\n<\/p>\n<p><span class=\"wpcf7-form-control-wrap\" data-name=\"accept-this-1\"><span class=\"wpcf7-form-control wpcf7-acceptance\"><span class=\"wpcf7-list-item\"><label><input type=\"checkbox\" name=\"accept-this-1\" value=\"1\" aria-invalid=\"false\" \/><span class=\"wpcf7-list-item-label\">Aceito os termos da <a href=\"https:\/\/epralima.com\/website\/politica-de-privacidade\/\">Pol\u00edtica de Prote\u00e7\u00e3o de Dados<\/a><\/span><\/label><\/span><\/span><\/span>\n<\/p>\n<p><input class=\"wpcf7-form-control wpcf7-submit has-spinner btn btn-accent btn-block btn-circle\" type=\"submit\" value=\"Submeter Inscri\u00e7\u00e3o\" \/>\n<\/p><p style=\"display: none !important;\" class=\"akismet-fields-container\" data-prefix=\"_wpcf7_ak_\"><label>&#916;<textarea name=\"_wpcf7_ak_hp_textarea\" cols=\"45\" rows=\"8\" maxlength=\"100\"><\/textarea><\/label><input type=\"hidden\" id=\"ak_js_1\" name=\"_wpcf7_ak_js\" value=\"246\"\/><script>document.getElementById( \"ak_js_1\" ).setAttribute( \"value\", ( new Date() ).getTime() );<\/script><\/p><div class=\"wpcf7-response-output\" aria-hidden=\"true\"><\/div>\n<\/form>\n<\/div>\n[\/vc_column_inner][\/vc_row_inner][\/vc_column][\/vc_row]<\/p>\n<\/div>","protected":false},"excerpt":{"rendered":"<p>[vc_row row_height_percent=&#8221;0&#8243; override_padding=&#8221;yes&#8221; h_padding=&#8221;2&#8243; top_padding=&#8221;0&#8243; bottom_padding=&#8221;5&#8243; back_color=&#8221;color-xsdn&#8221; overlay_alpha=&#8221;50&#8243; gutter_size=&#8221;3&#8243; column_width_percent=&#8221;100&#8243; shift_y=&#8221;0&#8243; z_index=&#8221;0&#8243;][vc_column column_width_percent=&#8221;100&#8243; gutter_size=&#8221;4&#8243; overlay_alpha=&#8221;50&#8243; shift_x=&#8221;0&#8243; shift_y=&#8221;0&#8243; shift_y_down=&#8221;0&#8243; z_index=&#8221;0&#8243; medium_width=&#8221;0&#8243; [&hellip;]<\/p>\n","protected":false},"author":1,"featured_media":90510,"parent":0,"menu_order":0,"comment_status":"closed","ping_status":"closed","template":"","meta":{"_acf_changed":false,"om_disable_all_campaigns":false,"_monsterinsights_skip_tracking":false,"_monsterinsights_sitenote_active":false,"_monsterinsights_sitenote_note":"","_monsterinsights_sitenote_category":0,"_uf_show_specific_survey":0,"_uf_disable_surveys":false,"footnotes":""},"class_list":["post-89823","page","type-page","status-publish","has-post-thumbnail","hentry"],"acf":[],"aioseo_notices":[],"_links":{"self":[{"href":"https:\/\/www.epralima.com\/website\/wp-json\/wp\/v2\/pages\/89823","targetHints":{"allow":["GET"]}}],"collection":[{"href":"https:\/\/www.epralima.com\/website\/wp-json\/wp\/v2\/pages"}],"about":[{"href":"https:\/\/www.epralima.com\/website\/wp-json\/wp\/v2\/types\/page"}],"author":[{"embeddable":true,"href":"https:\/\/www.epralima.com\/website\/wp-json\/wp\/v2\/users\/1"}],"replies":[{"embeddable":true,"href":"https:\/\/www.epralima.com\/website\/wp-json\/wp\/v2\/comments?post=89823"}],"version-history":[{"count":9,"href":"https:\/\/www.epralima.com\/website\/wp-json\/wp\/v2\/pages\/89823\/revisions"}],"predecessor-version":[{"id":167753,"href":"https:\/\/www.epralima.com\/website\/wp-json\/wp\/v2\/pages\/89823\/revisions\/167753"}],"wp:featuredmedia":[{"embeddable":true,"href":"https:\/\/www.epralima.com\/website\/wp-json\/wp\/v2\/media\/90510"}],"wp:attachment":[{"href":"https:\/\/www.epralima.com\/website\/wp-json\/wp\/v2\/media?parent=89823"}],"curies":[{"name":"wp","href":"https:\/\/api.w.org\/{rel}","templated":true}]}}