{"id":89815,"date":"2021-04-20T10:24:48","date_gmt":"2021-04-20T10:24:48","guid":{"rendered":"http:\/\/epralima.com\/website\/?page_id=89815"},"modified":"2026-03-10T14:12:15","modified_gmt":"2026-03-10T14:12:15","slug":"inscricoes-ensino-profissional","status":"publish","type":"page","link":"https:\/\/www.epralima.com\/website\/inscricoes-ensino-profissional\/","title":{"rendered":"Inscri\u00e7\u00f5es Ensino Profissional"},"content":{"rendered":"<div class=\"wpb-content-wrapper\"><p>[vc_row row_height_percent=&#8221;0&#8243; override_padding=&#8221;yes&#8221; h_padding=&#8221;0&#8243; top_padding=&#8221;0&#8243; bottom_padding=&#8221;5&#8243; back_color=&#8221;color-xsdn&#8221; overlay_alpha=&#8221;50&#8243; gutter_size=&#8221;3&#8243; column_width_percent=&#8221;100&#8243; shift_y=&#8221;0&#8243; z_index=&#8221;0&#8243;][vc_column column_width_percent=&#8221;100&#8243; gutter_size=&#8221;4&#8243; overlay_alpha=&#8221;50&#8243; shift_x=&#8221;0&#8243; shift_y=&#8221;0&#8243; shift_y_down=&#8221;0&#8243; z_index=&#8221;0&#8243; medium_width=&#8221;0&#8243; mobile_width=&#8221;0&#8243; width=&#8221;1\/1&#8243;][vc_row_inner row_inner_height_percent=&#8221;0&#8243; overlay_alpha=&#8221;50&#8243; gutter_size=&#8221;4&#8243; shift_y=&#8221;0&#8243;][vc_column_inner column_width_percent=&#8221;100&#8243; gutter_size=&#8221;3&#8243; override_padding=&#8221;yes&#8221; column_padding=&#8221;3&#8243; back_color=&#8221;color-xsdn&#8221; overlay_alpha=&#8221;50&#8243; shift_x=&#8221;0&#8243; shift_y=&#8221;-4&#8243; shift_y_down=&#8221;0&#8243; z_index=&#8221;0&#8243; medium_width=&#8221;0&#8243; mobile_width=&#8221;0&#8243; radius=&#8221;sm&#8221; shadow=&#8221;lg&#8221; width=&#8221;1\/2&#8243;][vc_custom_heading heading_semantic=&#8221;h3&#8243; subheading=&#8221;&#8212;&#8211;&#8220;]Faz aqui a tua pr\u00e9-inscri\u00e7\u00e3o 2026 | 2027[\/vc_custom_heading]\n<div class=\"wpcf7 no-js\" id=\"wpcf7-f168287-o1\" lang=\"en-US\" dir=\"ltr\">\n<div class=\"screen-reader-response\"><p role=\"status\" aria-live=\"polite\" aria-atomic=\"true\"><\/p> <ul><\/ul><\/div>\n<form action=\"\/website\/wp-json\/wp\/v2\/pages\/89815#wpcf7-f168287-o1\" method=\"post\" class=\"wpcf7-form init input-background\" aria-label=\"Contact form\" novalidate=\"novalidate\" data-status=\"init\">\n<div style=\"display: none;\">\n<input type=\"hidden\" name=\"_wpcf7\" value=\"168287\" \/>\n<input type=\"hidden\" name=\"_wpcf7_version\" value=\"5.9.6\" \/>\n<input type=\"hidden\" name=\"_wpcf7_locale\" value=\"en_US\" \/>\n<input type=\"hidden\" name=\"_wpcf7_unit_tag\" value=\"wpcf7-f168287-o1\" \/>\n<input type=\"hidden\" name=\"_wpcf7_container_post\" value=\"0\" \/>\n<input type=\"hidden\" name=\"_wpcf7_posted_data_hash\" value=\"\" \/>\n<input type=\"hidden\" name=\"_wpcf7_recaptcha_response\" value=\"\" \/>\n<\/div>\n<p style=\"color:#8a2432\">ESCOLHE O TEU CURSO PROFISSIONAL\n<\/p>\n<p><label for=\"opcao-1\">Primeira Op\u00e7\u00e3o<\/label><span class=\"wpcf7-form-control-wrap\" data-name=\"opcao-1\"><select class=\"wpcf7-form-control wpcf7-select wpcf7-validates-as-required\" id=\"opcao-1\" aria-required=\"true\" aria-invalid=\"false\" name=\"opcao-1\"><option value=\"\">- Seleciona uma op\u00e7\u00e3o -<\/option><option value=\"T\u00e9cnico\/a Auxiliar de Farm\u00e1cia\">T\u00e9cnico\/a Auxiliar de Farm\u00e1cia<\/option><option value=\"Cabelereiro\/a\">Cabelereiro\/a<\/option><option value=\"T\u00e9cnico\/a de Comunica\u00e7\u00e3o, Marketing, Rela\u00e7\u00f5es p\u00fablicas e publicidade\">T\u00e9cnico\/a de Comunica\u00e7\u00e3o, Marketing, Rela\u00e7\u00f5es p\u00fablicas e publicidade<\/option><option value=\"T\u00e9cnico\/a de Cozinha e Restaura\u00e7\u00e3o\">T\u00e9cnico\/a de Cozinha e Restaura\u00e7\u00e3o<\/option><option value=\"T\u00e9cnico\/a de Desenho Difital e 3D\">T\u00e9cnico\/a de Desenho Difital e 3D<\/option><option value=\"T\u00e9cnico\/a de Desenvolvimento de Software\">T\u00e9cnico\/a de Desenvolvimento de Software<\/option><option value=\"T\u00e9cnico\/a de Desporto\">T\u00e9cnico\/a de Desporto<\/option><option value=\"T\u00e9cnico\/a de Eletr\u00f3nica e Automa\u00e7\u00e3o\">T\u00e9cnico\/a de Eletr\u00f3nica e Automa\u00e7\u00e3o<\/option><option value=\"Esteticista\">Esteticista<\/option><option value=\"T\u00e9cnico\/a de Gest\u00e3o e Administra\u00e7\u00e3o\">T\u00e9cnico\/a de Gest\u00e3o e Administra\u00e7\u00e3o<\/option><option value=\"T\u00e9cnico\/a de Inform\u00e1tica de Gest\u00e3o\">T\u00e9cnico\/a de Inform\u00e1tica de Gest\u00e3o<\/option><option value=\"T\u00e9cnico\/a de Contabilidade\">T\u00e9cnico\/a de Contabilidade<\/option><\/select><\/span>\n<\/p>\n<p><label for=\"opcao-2\">Segunda Op\u00e7\u00e3o<\/label><span class=\"wpcf7-form-control-wrap\" data-name=\"opcao-2\"><select class=\"wpcf7-form-control wpcf7-select wpcf7-validates-as-required\" id=\"opcao-2\" aria-required=\"true\" aria-invalid=\"false\" name=\"opcao-2\"><option value=\"\">- Seleciona uma op\u00e7\u00e3o -<\/option><option value=\"T\u00e9cnico\/a Auxiliar de Farm\u00e1cia\">T\u00e9cnico\/a Auxiliar de Farm\u00e1cia<\/option><option value=\"Cabelereiro\/a\">Cabelereiro\/a<\/option><option value=\"T\u00e9cnico\/a de Comunica\u00e7\u00e3o, Marketing, Rela\u00e7\u00f5es p\u00fablicas e publicidade\">T\u00e9cnico\/a de Comunica\u00e7\u00e3o, Marketing, Rela\u00e7\u00f5es p\u00fablicas e publicidade<\/option><option value=\"T\u00e9cnico\/a de Cozinha e Restaura\u00e7\u00e3o\">T\u00e9cnico\/a de Cozinha e Restaura\u00e7\u00e3o<\/option><option value=\"T\u00e9cnico\/a de Desenho Difital e 3D\">T\u00e9cnico\/a de Desenho Difital e 3D<\/option><option value=\"T\u00e9cnico\/a de Desenvolvimento de Software\">T\u00e9cnico\/a de Desenvolvimento de Software<\/option><option value=\"T\u00e9cnico\/a de Desporto\">T\u00e9cnico\/a de Desporto<\/option><option value=\"T\u00e9cnico\/a de Eletr\u00f3nica e Automa\u00e7\u00e3o\">T\u00e9cnico\/a de Eletr\u00f3nica e Automa\u00e7\u00e3o<\/option><option value=\"Esteticista\">Esteticista<\/option><option value=\"T\u00e9cnico\/a de Gest\u00e3o e Administra\u00e7\u00e3o\">T\u00e9cnico\/a de Gest\u00e3o e Administra\u00e7\u00e3o<\/option><option value=\"T\u00e9cnico\/a de Inform\u00e1tica de Gest\u00e3o\">T\u00e9cnico\/a de Inform\u00e1tica de Gest\u00e3o<\/option><option value=\"T\u00e9cnico\/a de Contabilidade\">T\u00e9cnico\/a de Contabilidade<\/option><\/select><\/span>\n<\/p>\n<p style=\"color:#8a2432\">DADOS DO ALUNO\n<\/p>\n<p><label for=\"nome\">Nome<\/label><span class=\"wpcf7-form-control-wrap\" data-name=\"nome\"><input size=\"40\" maxlength=\"80\" class=\"wpcf7-form-control wpcf7-text wpcf7-validates-as-required form-fluid\" id=\"nome\" aria-required=\"true\" aria-invalid=\"false\" value=\"\" type=\"text\" name=\"nome\" \/><\/span>\n<\/p>\n<div class=\"wpcf7-inline-wrapper\">\n\t<p class=\"wpcf7-inline-field\"><label for=\"email\">Email<\/label><span class=\"wpcf7-form-control-wrap\" data-name=\"email\"><input size=\"40\" maxlength=\"80\" class=\"wpcf7-form-control wpcf7-email wpcf7-validates-as-required wpcf7-text wpcf7-validates-as-email\" id=\"email\" aria-required=\"true\" aria-invalid=\"false\" value=\"\" type=\"email\" name=\"email\" \/><\/span>\n\t<\/p>\n\t<p class=\"wpcf7-inline-field\"><label for=\"telefone\">Telefone<\/label><span class=\"wpcf7-form-control-wrap\" data-name=\"telefone\"><input size=\"40\" maxlength=\"80\" class=\"wpcf7-form-control wpcf7-tel wpcf7-validates-as-required wpcf7-text wpcf7-validates-as-tel\" id=\"telefone\" aria-required=\"true\" aria-invalid=\"false\" value=\"\" type=\"tel\" name=\"telefone\" \/><\/span>\n\t<\/p>\n<\/div>\n<div class=\"wpcf7-inline-wrapper\">\n\t<p class=\"wpcf7-inline-field\"><label for=\"nascimento\">Data de Nascimento<\/label><span class=\"wpcf7-form-control-wrap\" data-name=\"nascimento\"><input class=\"wpcf7-form-control wpcf7-date wpcf7-validates-as-required wpcf7-validates-as-date\" id=\"nascimento\" aria-required=\"true\" aria-invalid=\"false\" value=\"\" type=\"date\" name=\"nascimento\" \/><\/span>\n\t<\/p>\n\t<p class=\"wpcf7-inline-field\"><label for=\"cc\">Cart\u00e3o de Cidad\u00e3o<\/label><span class=\"wpcf7-form-control-wrap\" data-name=\"cc\"><input size=\"40\" maxlength=\"80\" class=\"wpcf7-form-control wpcf7-text wpcf7-validates-as-required\" id=\"cc\" aria-required=\"true\" aria-invalid=\"false\" value=\"\" type=\"text\" name=\"cc\" \/><\/span>\n\t<\/p>\n<\/div>\n<p><label for=\"morada\">Concelho de Resid\u00eancia<\/label><span class=\"wpcf7-form-control-wrap\" data-name=\"morada\"><input size=\"40\" maxlength=\"80\" class=\"wpcf7-form-control wpcf7-text wpcf7-validates-as-required form-fluid\" id=\"morada\" aria-required=\"true\" aria-invalid=\"false\" value=\"\" type=\"text\" name=\"morada\" \/><\/span>\n<\/p>\n<p style=\"color:#8a2432\">DADOS DO ENCARREGADO DE EDUCA\u00c7\u00c3O\n<\/p>\n<div class=\"wpcf7-inline-wrapper\">\n\t<p class=\"wpcf7-inline-field\"><label for=\"nome-e\">Nome<\/label><span class=\"wpcf7-form-control-wrap\" data-name=\"nome-e\"><input size=\"40\" maxlength=\"80\" class=\"wpcf7-form-control wpcf7-text wpcf7-validates-as-required\" id=\"nome-e\" aria-required=\"true\" aria-invalid=\"false\" value=\"\" type=\"text\" name=\"nome-e\" \/><\/span>\n\t<\/p>\n\t<p class=\"wpcf7-inline-field\"><label for=\"telefone-e\">Telefone<\/label><span class=\"wpcf7-form-control-wrap\" data-name=\"telefone-e\"><input size=\"40\" maxlength=\"80\" class=\"wpcf7-form-control wpcf7-tel wpcf7-validates-as-required wpcf7-text wpcf7-validates-as-tel\" id=\"telefone-e\" aria-required=\"true\" aria-invalid=\"false\" value=\"\" type=\"tel\" name=\"telefone-e\" \/><\/span>\n\t<\/p>\n<\/div>\n<p><span class=\"wpcf7-form-control-wrap\" data-name=\"accept-this-1\"><span class=\"wpcf7-form-control wpcf7-acceptance\"><span class=\"wpcf7-list-item\"><label><input type=\"checkbox\" name=\"accept-this-1\" value=\"1\" aria-invalid=\"false\" \/><span class=\"wpcf7-list-item-label\">Aceito os termos da <a href=\"https:\/\/epralima.com\/website\/politica-de-privacidade\/\">Pol\u00edtica de Prote\u00e7\u00e3o de Dados<\/a><\/span><\/label><\/span><\/span><\/span>\n<\/p>\n<p><input class=\"wpcf7-form-control wpcf7-submit has-spinner btn btn-accent btn-block btn-circle\" type=\"submit\" value=\"Submeter Inscri\u00e7\u00e3o\" \/>\n<\/p><p style=\"display: none !important;\" class=\"akismet-fields-container\" data-prefix=\"_wpcf7_ak_\"><label>&#916;<textarea name=\"_wpcf7_ak_hp_textarea\" cols=\"45\" rows=\"8\" maxlength=\"100\"><\/textarea><\/label><input type=\"hidden\" id=\"ak_js_1\" name=\"_wpcf7_ak_js\" value=\"32\"\/><script>document.getElementById( \"ak_js_1\" ).setAttribute( \"value\", ( new Date() ).getTime() );<\/script><\/p><div class=\"wpcf7-response-output\" aria-hidden=\"true\"><\/div>\n<\/form>\n<\/div>\n[\/vc_column_inner][vc_column_inner column_width_percent=&#8221;100&#8243; gutter_size=&#8221;3&#8243; overlay_alpha=&#8221;50&#8243; preserve_border=&#8221;yes&#8221; preserve_border_tablet=&#8221;yes&#8221; preserve_border_mobile=&#8221;yes&#8221; shift_x=&#8221;0&#8243; shift_y=&#8221;0&#8243; shift_y_down=&#8221;0&#8243; z_index=&#8221;0&#8243; medium_width=&#8221;0&#8243; mobile_width=&#8221;0&#8243; width=&#8221;1\/2&#8243; css=&#8221;.vc_custom_1739975528516{padding-top: 100px !important;padding-right: 20px !important;padding-left: 20px !important;}&#8221;][vc_custom_heading heading_semantic=&#8221;h3&#8243; text_font=&#8221;font-762333&#8243; text_space=&#8221;fontspace-111509&#8243; sub_lead=&#8221;yes&#8221; sub_reduced=&#8221;yes&#8221; text_align=&#8221;text-center&#8221; subheading=&#8221;Aqui podes encontrar tudo sobre os nossos cursos profissionais, as suas vantagens e os apoios a que tens direito!&#8221;]Como funciona?[\/vc_custom_heading][vc_tabs history=&#8221;yes&#8221; width_100=&#8221;yes&#8221; el_class=&#8221;cor-tabs&#8221;][vc_tab icon=&#8221;fa fa-heart3&#8243; gutter_size=&#8221;2&#8243; column_padding=&#8221;2&#8243; tab_id=&#8221;e1f27d89-0ce1-cl16128921106111739879404739&#8243; title=&#8221;APOIOS&#8221; slug=&#8221;apoios&#8221;][vc_column_text]<\/p>\n<ul>\n<li>Subs\u00eddio de alimenta\u00e7\u00e3o* (<strong>6.00\u20ac\/dia de forma\u00e7\u00e3o <\/strong>&#8211; consultar regulamento das faltas);<\/li>\n<li>Subs\u00eddio de transporte* (gratuidade dos passes para utiliza\u00e7\u00e3o do transporte p\u00fablico dos jovens estudantes at\u00e9 aos 23 anos.<br \/>\nQuando o transporte coletivo n\u00e3o exista ou n\u00e3o seja poss\u00edvel a sua utiliza\u00e7\u00e3o, um subs\u00eddio de transporte em esp\u00e9cie, at\u00e9 ao limite m\u00e1ximo mensal de 30% do indexante dos apoios sociais e desde que o formando n\u00e3o aufira subs\u00eddio de alojamento);<\/li>\n<li>Subs\u00eddio de alojamento* (<strong>254,63\u20ac\/m\u00eas de forma\u00e7\u00e3o<\/strong> &#8211; quando o local da resid\u00eancia dista mais de 50 Km do local da forma\u00e7\u00e3o);<\/li>\n<li><span style=\"font-family: -apple-system, BlinkMacSystemFont, 'Segoe UI', Roboto, Oxygen-Sans, Ubuntu, Cantarell, 'Helvetica Neue', sans-serif;\">Bolsa para material de estudo* (<strong>36,75\u20ac, 81.50\u20ac<\/strong> ou <strong>163.00\u20ac<\/strong> de acordo com o <strong>3\u00ba<\/strong>, <strong>2\u00ba<\/strong> ou <strong>1\u00ba<\/strong> escal\u00e3o do abono de fam\u00edlia &#8211; atribu\u00eddo uma \u00fanica vez no ano letivo<\/span><span style=\"font-family: -apple-system, BlinkMacSystemFont, 'Segoe UI', Roboto, Oxygen-Sans, Ubuntu, Cantarell, 'Helvetica Neue', sans-serif;\">);<\/span><\/li>\n<li>Bolsa de profissionaliza\u00e7\u00e3o* (<strong>76.40<\/strong><strong>\u20ac<\/strong> atribu\u00edda apenas no per\u00edodo de FCT);<\/li>\n<li>Acolhimento a filhos menores (<strong>254,63\u20ac\/m\u00eas de forma\u00e7\u00e3o<\/strong> &#8211; mediante prova de entrega a terceiros);<\/li>\n<li class=\"x_MsoNormal\">Seguro escolar;<\/li>\n<li class=\"x_MsoNormal\">Oferta de Materiais escolares;<\/li>\n<li class=\"x_MsoNormal\">Est\u00e1gios internacionais ERASMUS+;<\/li>\n<li class=\"x_MsoNormal\">Pr\u00e9mio de M\u00e9rito Escolar;<\/li>\n<\/ul>\n<p>*Benef\u00edcios monet\u00e1rios sujeitos a altera\u00e7\u00f5es, no \u00e2mbito do Portugal2030.[\/vc_column_text][vc_empty_space empty_h=&#8221;2&#8243; desktop_visibility=&#8221;yes&#8221;][\/vc_tab][vc_tab icon=&#8221;fa fa-plus2&#8243; gutter_size=&#8221;2&#8243; column_padding=&#8221;2&#8243; title=&#8221;VANTAGENS&#8221; tab_id=&#8221;e6789adc-f7b7-cl16128921106111739879404739&#8243; slug=&#8221;vantagens&#8221;][vc_column_text]<\/p>\n<p class=\"p1\">Sabias que num curso profissional obt\u00e9ns o n\u00edvel IV? Isto significa que ter\u00e1s um dupla certifica\u00e7\u00e3o! Al\u00e9m disso, tens a grande vantagem de fazer um est\u00e1gio profissional, o que ir\u00e1 deixar-te mais perto do mercado de trabalho.<\/p>\n<p>[\/vc_column_text][vc_empty_space empty_h=&#8221;2&#8243; desktop_visibility=&#8221;yes&#8221;][\/vc_tab][vc_tab icon=&#8221;fa fa-list2&#8243; gutter_size=&#8221;2&#8243; column_padding=&#8221;2&#8243; title=&#8221;REQUISITOS&#8221; tab_id=&#8221;1613036725562-2-101739879404739&#8243; slug=&#8221;requisitos&#8221;][vc_column_text]<strong>Ensino Profissional<\/strong><\/p>\n<ul>\n<li>Ter o 9\u00ba ano completo;<\/li>\n<li>Idade inferior a 20 anos.<\/li>\n<\/ul>\n<p><strong>CEF<\/strong><\/p>\n<ul>\n<li>8\u00ba ano completo ou frequ\u00eancia do 9\u00ba ano (sem aprova\u00e7\u00e3o)<\/li>\n<\/ul>\n<p>[\/vc_column_text][vc_empty_space empty_h=&#8221;2&#8243; desktop_visibility=&#8221;yes&#8221;][\/vc_tab][\/vc_tabs][\/vc_column_inner][\/vc_row_inner][\/vc_column][\/vc_row]<\/p>\n<\/div>","protected":false},"excerpt":{"rendered":"<p>[vc_row row_height_percent=&#8221;0&#8243; override_padding=&#8221;yes&#8221; h_padding=&#8221;0&#8243; top_padding=&#8221;0&#8243; bottom_padding=&#8221;5&#8243; back_color=&#8221;color-xsdn&#8221; overlay_alpha=&#8221;50&#8243; gutter_size=&#8221;3&#8243; column_width_percent=&#8221;100&#8243; shift_y=&#8221;0&#8243; z_index=&#8221;0&#8243;][vc_column column_width_percent=&#8221;100&#8243; gutter_size=&#8221;4&#8243; overlay_alpha=&#8221;50&#8243; shift_x=&#8221;0&#8243; shift_y=&#8221;0&#8243; shift_y_down=&#8221;0&#8243; z_index=&#8221;0&#8243; medium_width=&#8221;0&#8243; [&hellip;]<\/p>\n","protected":false},"author":1,"featured_media":168723,"parent":0,"menu_order":0,"comment_status":"closed","ping_status":"closed","template":"","meta":{"_acf_changed":false,"om_disable_all_campaigns":false,"_monsterinsights_skip_tracking":false,"_monsterinsights_sitenote_active":false,"_monsterinsights_sitenote_note":"","_monsterinsights_sitenote_category":0,"_uf_show_specific_survey":0,"_uf_disable_surveys":false,"footnotes":""},"class_list":["post-89815","page","type-page","status-publish","has-post-thumbnail","hentry"],"acf":[],"aioseo_notices":[],"_links":{"self":[{"href":"https:\/\/www.epralima.com\/website\/wp-json\/wp\/v2\/pages\/89815","targetHints":{"allow":["GET"]}}],"collection":[{"href":"https:\/\/www.epralima.com\/website\/wp-json\/wp\/v2\/pages"}],"about":[{"href":"https:\/\/www.epralima.com\/website\/wp-json\/wp\/v2\/types\/page"}],"author":[{"embeddable":true,"href":"https:\/\/www.epralima.com\/website\/wp-json\/wp\/v2\/users\/1"}],"replies":[{"embeddable":true,"href":"https:\/\/www.epralima.com\/website\/wp-json\/wp\/v2\/comments?post=89815"}],"version-history":[{"count":27,"href":"https:\/\/www.epralima.com\/website\/wp-json\/wp\/v2\/pages\/89815\/revisions"}],"predecessor-version":[{"id":170097,"href":"https:\/\/www.epralima.com\/website\/wp-json\/wp\/v2\/pages\/89815\/revisions\/170097"}],"wp:featuredmedia":[{"embeddable":true,"href":"https:\/\/www.epralima.com\/website\/wp-json\/wp\/v2\/media\/168723"}],"wp:attachment":[{"href":"https:\/\/www.epralima.com\/website\/wp-json\/wp\/v2\/media?parent=89815"}],"curies":[{"name":"wp","href":"https:\/\/api.w.org\/{rel}","templated":true}]}}