{"id":88046,"date":"2023-04-13T11:20:01","date_gmt":"2023-04-13T11:20:01","guid":{"rendered":"http:\/\/epralima.com\/website\/?page_id=88046"},"modified":"2023-04-14T17:30:45","modified_gmt":"2023-04-14T17:30:45","slug":"projetos-internacionais","status":"publish","type":"page","link":"https:\/\/www.epralima.com\/website\/projetos-internacionais\/","title":{"rendered":"Projetos Internacionais"},"content":{"rendered":"<div class=\"wpb-content-wrapper\"><p>[vc_row row_height_percent=&#8221;0&#8243; override_padding=&#8221;yes&#8221; h_padding=&#8221;2&#8243; top_padding=&#8221;5&#8243; bottom_padding=&#8221;3&#8243; overlay_alpha=&#8221;100&#8243; gutter_size=&#8221;100&#8243; shift_y=&#8221;0&#8243; style=&#8221;inherited&#8221;][vc_column column_width_percent=&#8221;100&#8243; gutter_size=&#8221;3&#8243; overlay_alpha=&#8221;100&#8243; shift_x=&#8221;0&#8243; shift_y=&#8221;0&#8243; medium_width=&#8221;0&#8243; zoom_width=&#8221;0&#8243; zoom_height=&#8221;0&#8243; width=&#8221;1\/1&#8243;][vc_row_inner row_inner_height_percent=&#8221;0&#8243; overlay_alpha=&#8221;100&#8243; gutter_size=&#8221;3&#8243; shift_y=&#8221;0&#8243;][vc_column_inner column_width_use_pixel=&#8221;yes&#8221; align_horizontal=&#8221;align_center&#8221; gutter_size=&#8221;3&#8243; font_family=&#8221;font-134980&#8243; overlay_alpha=&#8221;100&#8243; shift_x=&#8221;0&#8243; shift_y=&#8221;0&#8243; medium_width=&#8221;0&#8243; zoom_width=&#8221;0&#8243; zoom_height=&#8221;0&#8243; width=&#8221;1\/1&#8243; column_width_pixel=&#8221;700&#8243;][vc_custom_heading heading_semantic=&#8221;h1&#8243; text_font=&#8221;font-762333&#8243; text_size=&#8221;h1&#8243; text_space=&#8221;fontspace-111509&#8243; sub_lead=&#8221;yes&#8221; sub_reduced=&#8221;yes&#8221; text_align=&#8221;text-center&#8221;]Os nossos projetos[\/vc_custom_heading][vc_column_text]<\/p>\n<p style=\"text-align: center;\"><span style=\"font-size: 16px;\">A coopera\u00e7\u00e3o nos projetos internacionais como vetor para a integra\u00e7\u00e3o no Espa\u00e7o Europeu da Educa\u00e7\u00e3o, apoiando a inclus\u00e3o, uma <a href=\"https:\/\/www.epralima.com\/website\/sobre-a-escola\/\">escola<\/a> mais digital e a capacidade de empreendedorismo.<\/span><\/p>\n<p>[\/vc_column_text][\/vc_column_inner][\/vc_row_inner][\/vc_column][\/vc_row][vc_row row_height_percent=&#8221;0&#8243; override_padding=&#8221;yes&#8221; h_padding=&#8221;2&#8243; top_padding=&#8221;2&#8243; bottom_padding=&#8221;3&#8243; overlay_alpha=&#8221;50&#8243; gutter_size=&#8221;3&#8243; column_width_percent=&#8221;100&#8243; shift_y=&#8221;0&#8243; z_index=&#8221;0&#8243;][vc_column column_width_percent=&#8221;100&#8243; gutter_size=&#8221;3&#8243; overlay_alpha=&#8221;50&#8243; shift_x=&#8221;0&#8243; shift_y=&#8221;0&#8243; medium_width=&#8221;0&#8243; zoom_width=&#8221;0&#8243; zoom_height=&#8221;0&#8243; width=&#8221;1\/1&#8243;][uncode_index el_id=&#8221;index-781286&#8243; isotope_mode=&#8221;packery&#8221; loop=&#8221;size:All|order_by:date|post_type:portfolio|tax_query:120|taxonomy_count:10&#8243; style_preset=&#8221;metro&#8221; filtering=&#8221;yes&#8221; filtering_position=&#8221;right&#8221; filtering_uppercase=&#8221;yes&#8221; show_extra_filters=&#8221;yes&#8221; gutter_size=&#8221;2&#8243; post_items=&#8221;media,title,category,date,text,link,author,sep-one,extra&#8221; portfolio_items=&#8221;media|featured|onpost|original,category|nobg|relative|display-icon,title&#8221; screen_lg=&#8221;1000&#8243; screen_md=&#8221;600&#8243; screen_sm=&#8221;480&#8243; single_text=&#8221;overlay&#8221; single_overlay_color=&#8221;color-nhtu&#8221; single_overlay_coloration=&#8221;bottom_gradient&#8221; single_overlay_opacity=&#8221;50&#8243; single_overlay_visible=&#8221;yes&#8221; single_overlay_anim=&#8221;no&#8221; single_text_visible=&#8221;yes&#8221; single_text_anim=&#8221;no&#8221; single_image_anim=&#8221;no&#8221; single_v_position=&#8221;bottom&#8221; single_padding=&#8221;2&#8243; single_text_reduced=&#8221;yes&#8221; single_title_family=&#8221;font-762333&#8243; single_title_dimension=&#8221;h5&#8243; single_title_transform=&#8221;capitalize&#8221; single_title_height=&#8221;fontheight-357766&#8243; single_title_space=&#8221;fontspace-781688&#8243; single_border=&#8221;yes&#8221; single_css_animation=&#8221;zoom-in&#8221; single_animation_delay=&#8221;200&#8243; custom_order=&#8221;yes&#8221; items=&#8221;eyI0MTU0X2kiOnsic2luZ2xlX3dpZHRoIjoiNCIsInNpbmdsZV9oZWlnaHQiOiI2In0sIjQwODFfaSI6eyJzaW5nbGVfaGVpZ2h0IjoiNiIsImJhY2tfaW1hZ2UiOiIyMzQ5MSIsInNpbmdsZV9sYXlvdXQiOiJtZWRpYXxmZWF0dXJlZHxvbnBvc3R8b3JpZ2luYWwsdGl0bGUsY2F0ZWdvcnkiLCJzaW5nbGVfaWNvbiI6ImZhIGZhLXBsdXMyIn0sIjQwNjlfaSI6eyJzaW5nbGVfaGVpZ2h0IjoiNiJ9LCI0MDg1X2kiOnsic2luZ2xlX2hlaWdodCI6IjYifSwiNDE0MF9pIjp7InNpbmdsZV9oZWlnaHQiOiI2In0sIjQwNzFfaSI6eyJzaW5nbGVfaWNvbiI6ImZhIGZhLXBsdXMyIiwic2luZ2xlX2hlaWdodCI6IjYifX0=&#8221; single_icon=&#8221;fa fa-plus2&#8243; order_ids=&#8221;4154,4151,4146,4142,4140,4089,4087,4085,4071,4078&#8243;][vc_empty_space empty_h=&#8221;3&#8243;][\/vc_column][\/vc_row]<\/p>\n<\/div>","protected":false},"excerpt":{"rendered":"<p>[vc_row row_height_percent=&#8221;0&#8243; override_padding=&#8221;yes&#8221; h_padding=&#8221;2&#8243; top_padding=&#8221;5&#8243; bottom_padding=&#8221;3&#8243; overlay_alpha=&#8221;100&#8243; gutter_size=&#8221;100&#8243; shift_y=&#8221;0&#8243; style=&#8221;inherited&#8221;][vc_column column_width_percent=&#8221;100&#8243; gutter_size=&#8221;3&#8243; overlay_alpha=&#8221;100&#8243; shift_x=&#8221;0&#8243; shift_y=&#8221;0&#8243; medium_width=&#8221;0&#8243; zoom_width=&#8221;0&#8243; zoom_height=&#8221;0&#8243; width=&#8221;1\/1&#8243;][vc_row_inner row_inner_height_percent=&#8221;0&#8243; [&hellip;]<\/p>\n","protected":false},"author":1,"featured_media":90592,"parent":0,"menu_order":0,"comment_status":"closed","ping_status":"closed","template":"","meta":{"_acf_changed":false,"om_disable_all_campaigns":false,"_monsterinsights_skip_tracking":false,"_monsterinsights_sitenote_active":false,"_monsterinsights_sitenote_note":"","_monsterinsights_sitenote_category":0,"_uf_show_specific_survey":0,"_uf_disable_surveys":false,"footnotes":""},"class_list":["post-88046","page","type-page","status-publish","has-post-thumbnail","hentry","page_category-epralima"],"acf":[],"aioseo_notices":[],"_links":{"self":[{"href":"https:\/\/www.epralima.com\/website\/wp-json\/wp\/v2\/pages\/88046","targetHints":{"allow":["GET"]}}],"collection":[{"href":"https:\/\/www.epralima.com\/website\/wp-json\/wp\/v2\/pages"}],"about":[{"href":"https:\/\/www.epralima.com\/website\/wp-json\/wp\/v2\/types\/page"}],"author":[{"embeddable":true,"href":"https:\/\/www.epralima.com\/website\/wp-json\/wp\/v2\/users\/1"}],"replies":[{"embeddable":true,"href":"https:\/\/www.epralima.com\/website\/wp-json\/wp\/v2\/comments?post=88046"}],"version-history":[{"count":27,"href":"https:\/\/www.epralima.com\/website\/wp-json\/wp\/v2\/pages\/88046\/revisions"}],"predecessor-version":[{"id":90910,"href":"https:\/\/www.epralima.com\/website\/wp-json\/wp\/v2\/pages\/88046\/revisions\/90910"}],"wp:featuredmedia":[{"embeddable":true,"href":"https:\/\/www.epralima.com\/website\/wp-json\/wp\/v2\/media\/90592"}],"wp:attachment":[{"href":"https:\/\/www.epralima.com\/website\/wp-json\/wp\/v2\/media?parent=88046"}],"curies":[{"name":"wp","href":"https:\/\/api.w.org\/{rel}","templated":true}]}}