{"id":88024,"date":"2023-04-13T09:50:41","date_gmt":"2023-04-13T09:50:41","guid":{"rendered":"http:\/\/epralima.com\/website\/?page_id=88024"},"modified":"2025-11-11T12:05:14","modified_gmt":"2025-11-11T12:05:14","slug":"ensino-profissional","status":"publish","type":"page","link":"https:\/\/www.epralima.com\/website\/ensino-profissional\/","title":{"rendered":"Ensino Profissional"},"content":{"rendered":"<div class=\"wpb-content-wrapper\"><p>[vc_row row_height_percent=&#8221;0&#8243; override_padding=&#8221;yes&#8221; h_padding=&#8221;2&#8243; top_padding=&#8221;5&#8243; bottom_padding=&#8221;3&#8243; overlay_alpha=&#8221;100&#8243; gutter_size=&#8221;100&#8243; shift_y=&#8221;0&#8243; style=&#8221;inherited&#8221;][vc_column column_width_percent=&#8221;100&#8243; gutter_size=&#8221;3&#8243; overlay_alpha=&#8221;100&#8243; shift_x=&#8221;0&#8243; shift_y=&#8221;0&#8243; medium_width=&#8221;0&#8243; zoom_width=&#8221;0&#8243; zoom_height=&#8221;0&#8243; width=&#8221;1\/1&#8243;][vc_row_inner row_inner_height_percent=&#8221;0&#8243; overlay_alpha=&#8221;100&#8243; gutter_size=&#8221;3&#8243; shift_y=&#8221;0&#8243; z_index=&#8221;0&#8243; desktop_visibility=&#8221;yes&#8221; medium_visibility=&#8221;yes&#8221; el_id=&#8221;mobile&#8221;][vc_column_inner column_width_use_pixel=&#8221;yes&#8221; align_horizontal=&#8221;align_center&#8221; gutter_size=&#8221;3&#8243; font_family=&#8221;font-134980&#8243; overlay_alpha=&#8221;100&#8243; shift_x=&#8221;0&#8243; shift_y=&#8221;0&#8243; medium_width=&#8221;0&#8243; zoom_width=&#8221;0&#8243; zoom_height=&#8221;0&#8243; width=&#8221;1\/1&#8243; column_width_pixel=&#8221;700&#8243;][vc_raw_html]JTNDaWZyYW1lJTIwd2lkdGglM0QlMjI3NjAlMjIlMjBoZWlnaHQlM0QlMjIxMDAlMjUlMjIlMjBzcmMlM0QlMjJodHRwcyUzQSUyRiUyRnd3dy55b3V0dWJlLmNvbSUyRmVtYmVkJTJGZHZYOW8xQ3VHcVklM0ZzaSUzRFkxc2h3ZTRkWEx0Q050Uk8lMjIlMjB0aXRsZSUzRCUyMllvdVR1YmUlMjB2aWRlbyUyMHBsYXllciUyMiUyMGZyYW1lYm9yZGVyJTNEJTIyMCUyMiUyMGFsbG93JTNEJTIyYWNjZWxlcm9tZXRlciUzQiUyMGF1dG9wbGF5JTNCJTIwY2xpcGJvYXJkLXdyaXRlJTNCJTIwZW5jcnlwdGVkLW1lZGlhJTNCJTIwZ3lyb3Njb3BlJTNCJTIwcGljdHVyZS1pbi1waWN0dXJlJTNCJTIwd2ViLXNoYXJlJTIyJTIwcmVmZXJyZXJwb2xpY3klM0QlMjJzdHJpY3Qtb3JpZ2luLXdoZW4tY3Jvc3Mtb3JpZ2luJTIyJTIwYWxsb3dmdWxsc2NyZWVuJTNFJTNDJTJGaWZyYW1lJTNF[\/vc_raw_html][vc_empty_space empty_h=&#8221;3&#8243; medium_visibility=&#8221;yes&#8221; mobile_visibility=&#8221;yes&#8221;][\/vc_column_inner][\/vc_row_inner][vc_row_inner row_inner_height_percent=&#8221;0&#8243; overlay_alpha=&#8221;100&#8243; gutter_size=&#8221;3&#8243; shift_y=&#8221;0&#8243; z_index=&#8221;0&#8243; mobile_visibility=&#8221;yes&#8221; inverted_device_order=&#8221;yes&#8221; el_id=&#8221;mobile&#8221;][vc_column_inner column_width_use_pixel=&#8221;yes&#8221; align_horizontal=&#8221;align_center&#8221; gutter_size=&#8221;3&#8243; font_family=&#8221;font-134980&#8243; overlay_alpha=&#8221;100&#8243; shift_x=&#8221;0&#8243; shift_y=&#8221;0&#8243; medium_width=&#8221;0&#8243; zoom_width=&#8221;0&#8243; zoom_height=&#8221;0&#8243; width=&#8221;1\/1&#8243; column_width_pixel=&#8221;700&#8243;][vc_raw_html]JTNDaWZyYW1lJTIwd2lkdGglM0QlMjI1NjAlMjIlMjBoZWlnaHQlM0QlMjIzMTUlMjIlMjBzcmMlM0QlMjJodHRwcyUzQSUyRiUyRnd3dy55b3V0dWJlLmNvbSUyRmVtYmVkJTJGZHZYOW8xQ3VHcVklM0ZzaSUzRFkxc2h3ZTRkWEx0Q050Uk8lMjIlMjB0aXRsZSUzRCUyMllvdVR1YmUlMjB2aWRlbyUyMHBsYXllciUyMiUyMGZyYW1lYm9yZGVyJTNEJTIyMCUyMiUyMGFsbG93JTNEJTIyYWNjZWxlcm9tZXRlciUzQiUyMGF1dG9wbGF5JTNCJTIwY2xpcGJvYXJkLXdyaXRlJTNCJTIwZW5jcnlwdGVkLW1lZGlhJTNCJTIwZ3lyb3Njb3BlJTNCJTIwcGljdHVyZS1pbi1waWN0dXJlJTNCJTIwd2ViLXNoYXJlJTIyJTIwcmVmZXJyZXJwb2xpY3klM0QlMjJzdHJpY3Qtb3JpZ2luLXdoZW4tY3Jvc3Mtb3JpZ2luJTIyJTIwYWxsb3dmdWxsc2NyZWVuJTNFJTNDJTJGaWZyYW1lJTNFJTBB[\/vc_raw_html][vc_empty_space empty_h=&#8221;3&#8243; medium_visibility=&#8221;yes&#8221; mobile_visibility=&#8221;yes&#8221;][\/vc_column_inner][\/vc_row_inner][vc_row_inner row_inner_height_percent=&#8221;0&#8243; overlay_alpha=&#8221;100&#8243; gutter_size=&#8221;3&#8243; shift_y=&#8221;0&#8243;][vc_column_inner column_width_use_pixel=&#8221;yes&#8221; align_horizontal=&#8221;align_center&#8221; gutter_size=&#8221;3&#8243; font_family=&#8221;font-134980&#8243; overlay_alpha=&#8221;100&#8243; shift_x=&#8221;0&#8243; shift_y=&#8221;0&#8243; medium_width=&#8221;0&#8243; zoom_width=&#8221;0&#8243; zoom_height=&#8221;0&#8243; width=&#8221;1\/1&#8243; column_width_pixel=&#8221;700&#8243;][vc_custom_heading heading_semantic=&#8221;h1&#8243; text_font=&#8221;font-762333&#8243; text_size=&#8221;h1&#8243; text_space=&#8221;fontspace-111509&#8243; sub_lead=&#8221;yes&#8221; sub_reduced=&#8221;yes&#8221; text_align=&#8221;text-center&#8221;]Os nossos cursos[\/vc_custom_heading][vc_column_text]<\/p>\n<p style=\"text-align: center;\"><span style=\"font-size: 18px;\">Na <a href=\"https:\/\/www.epralima.com\/website\/sobre-a-escola\/\">Epralima<\/a> vais encontrar cursos nas mais variadas \u00e1reas. Atreve-te a estudar connosco e vais ver que a tua vida nunca mais ser\u00e1 igual!<\/span><\/p>\n<p>[\/vc_column_text][\/vc_column_inner][\/vc_row_inner][\/vc_column][\/vc_row][vc_row row_height_percent=&#8221;0&#8243; override_padding=&#8221;yes&#8221; h_padding=&#8221;2&#8243; top_padding=&#8221;2&#8243; bottom_padding=&#8221;3&#8243; overlay_alpha=&#8221;50&#8243; gutter_size=&#8221;3&#8243; column_width_percent=&#8221;100&#8243; shift_y=&#8221;0&#8243; z_index=&#8221;0&#8243;][vc_column column_width_percent=&#8221;100&#8243; gutter_size=&#8221;3&#8243; overlay_alpha=&#8221;50&#8243; shift_x=&#8221;0&#8243; shift_y=&#8221;0&#8243; medium_width=&#8221;0&#8243; zoom_width=&#8221;0&#8243; zoom_height=&#8221;0&#8243; width=&#8221;1\/1&#8243;][uncode_index el_id=&#8221;index-781286&#8243; isotope_mode=&#8221;packery&#8221; loop=&#8221;size:11|order_by:date|post_type:portfolio|tax_query:114|taxonomy_count:10&#8243; style_preset=&#8221;metro&#8221; filtering=&#8221;yes&#8221; filtering_position=&#8221;right&#8221; filtering_uppercase=&#8221;yes&#8221; filter_all_opposite=&#8221;yes&#8221; gutter_size=&#8221;2&#8243; post_items=&#8221;media,title,category,date,text,link,author,sep-one,extra&#8221; portfolio_items=&#8221;media|featured|onpost|original,category|nobg|relative|display-icon,title&#8221; screen_lg=&#8221;1000&#8243; screen_md=&#8221;600&#8243; screen_sm=&#8221;480&#8243; single_text=&#8221;overlay&#8221; single_overlay_color=&#8221;color-nhtu&#8221; single_overlay_coloration=&#8221;bottom_gradient&#8221; single_overlay_opacity=&#8221;50&#8243; single_text_visible=&#8221;yes&#8221; single_text_anim=&#8221;no&#8221; single_image_anim=&#8221;no&#8221; single_v_position=&#8221;bottom&#8221; single_padding=&#8221;2&#8243; single_text_reduced=&#8221;yes&#8221; single_title_family=&#8221;font-762333&#8243; single_title_dimension=&#8221;h5&#8243; single_title_height=&#8221;fontheight-357766&#8243; single_title_space=&#8221;fontspace-781688&#8243; single_border=&#8221;yes&#8221; single_css_animation=&#8221;zoom-in&#8221; single_animation_delay=&#8221;200&#8243; custom_order=&#8221;yes&#8221; items=&#8221;eyI0MTU0X2kiOnsic2luZ2xlX3dpZHRoIjoiNCIsInNpbmdsZV9oZWlnaHQiOiI2In0sIjQwODFfaSI6eyJzaW5nbGVfaGVpZ2h0IjoiNiIsImJhY2tfaW1hZ2UiOiIyMzQ5MSIsInNpbmdsZV9sYXlvdXQiOiJtZWRpYXxmZWF0dXJlZHxvbnBvc3R8b3JpZ2luYWwsdGl0bGUsY2F0ZWdvcnkiLCJzaW5nbGVfaWNvbiI6ImZhIGZhLXBsdXMyIn0sIjQwNjlfaSI6eyJzaW5nbGVfaGVpZ2h0IjoiNiJ9LCI0MDg1X2kiOnsic2luZ2xlX2hlaWdodCI6IjYifSwiNDE0MF9pIjp7InNpbmdsZV9oZWlnaHQiOiI2In0sIjQwNzFfaSI6eyJzaW5nbGVfaWNvbiI6ImZhIGZhLXBsdXMyIiwic2luZ2xlX2hlaWdodCI6IjYifX0=&#8221; single_icon=&#8221;fa fa-plus2&#8243; order_ids=&#8221;88311,88302,88292,88281,88257,88248,88221,88202,88193,88091,90422&#8243;][\/vc_column][\/vc_row][vc_row row_height_percent=&#8221;0&#8243; override_padding=&#8221;yes&#8221; h_padding=&#8221;2&#8243; top_padding=&#8221;0&#8243; bottom_padding=&#8221;3&#8243; back_image=&#8221;88336&#8243; back_repeat=&#8221;no-repeat&#8221; overlay_alpha=&#8221;100&#8243; gutter_size=&#8221;100&#8243; column_width_percent=&#8221;100&#8243; border_color=&#8221;color-gyho&#8221; border_style=&#8221;solid&#8221; shift_y=&#8221;0&#8243; z_index=&#8221;0&#8243; style=&#8221;inherited&#8221; css=&#8221;.vc_custom_1613039268840{border-bottom-width: 1px !important;}&#8221;][vc_column column_width_use_pixel=&#8221;yes&#8221; gutter_size=&#8221;3&#8243; overlay_alpha=&#8221;50&#8243; shift_x=&#8221;0&#8243; shift_y=&#8221;0&#8243; medium_width=&#8221;0&#8243; zoom_width=&#8221;0&#8243; zoom_height=&#8221;0&#8243; width=&#8221;1\/1&#8243; column_width_pixel=&#8221;800&#8243;][vc_row_inner row_inner_height_percent=&#8221;0&#8243; overlay_alpha=&#8221;100&#8243; gutter_size=&#8221;3&#8243; shift_y=&#8221;0&#8243; z_index=&#8221;0&#8243; css=&#8221;.vc_custom_1613037173883{padding-top: 50px !important;padding-bottom: 50px !important;}&#8221;][vc_column_inner column_width_use_pixel=&#8221;yes&#8221; align_horizontal=&#8221;align_center&#8221; gutter_size=&#8221;3&#8243; font_family=&#8221;font-134980&#8243; overlay_alpha=&#8221;100&#8243; shift_x=&#8221;0&#8243; shift_y=&#8221;0&#8243; medium_width=&#8221;0&#8243; zoom_width=&#8221;0&#8243; zoom_height=&#8221;0&#8243; width=&#8221;1\/1&#8243; column_width_pixel=&#8221;700&#8243;][vc_custom_heading heading_semantic=&#8221;h1&#8243; text_font=&#8221;font-762333&#8243; text_size=&#8221;h1&#8243; text_space=&#8221;fontspace-111509&#8243; sub_lead=&#8221;yes&#8221; sub_reduced=&#8221;yes&#8221; text_align=&#8221;text-center&#8221; subheading=&#8221;Aqui podes encontrar tudo sobre os nossos cursos profissionais, as suas vantagens e os apoios a que tens direito!&#8221;]Como funciona?[\/vc_custom_heading][\/vc_column_inner][\/vc_row_inner][vc_tabs history=&#8221;yes&#8221; width_100=&#8221;yes&#8221; el_class=&#8221;cor-tabs&#8221;][vc_tab icon=&#8221;fa fa-heart3&#8243; gutter_size=&#8221;2&#8243; column_padding=&#8221;2&#8243; tab_id=&#8221;e1f27d89-0ce1-cl1612892110611&#8243; title=&#8221;APOIOS&#8221; slug=&#8221;apoios&#8221;][vc_column_text]<\/p>\n<ul>\n<li>Subs\u00eddio para material de estudo* (pagamento em fun\u00e7\u00e3o do grau de car\u00eancia econ\u00f3mica atribu\u00eddo pela seguran\u00e7a social: <strong>escal\u00e3o1 &#8211; 163\u20ac<\/strong>; <strong>escal\u00e3o2 &#8211; 81.50\u20ac<\/strong>);<\/li>\n<li>Subs\u00eddio de alimenta\u00e7\u00e3o* (<strong>4.77\u20ac dia<\/strong>);<\/li>\n<li>Subs\u00eddio de transporte* (valor do passe ou 15% do IAS &#8211; 0.15* 438.81 = <strong>65.82\u20ac<\/strong>);<\/li>\n<li>Subs\u00eddio de alojamento* ( 30% do IAS &#8211; 0.3* 438.81 = <strong>131.64\u20ac<\/strong>);<\/li>\n<li>Subs\u00eddio de acolhimento a dependentes* (pagamento em fun\u00e7\u00e3o do recibo da creche at\u00e9 50% do IAS &#8211; 0.5* 438.81 = <strong>219,8\u20ac<\/strong>);<\/li>\n<li>Bolsa de profissionaliza\u00e7\u00e3o* (<strong>40\u20ac<\/strong> a cada 120 horas de FCT);<\/li>\n<li>Pr\u00e9mio de m\u00e9rito;<\/li>\n<li>Est\u00e1gios internacionais ERASMUS+;<\/li>\n<li>Oferta de material did\u00e1tico;<\/li>\n<li>Oferta do Microsoft Office 365EF.<\/li>\n<\/ul>\n<p>*conforme legisla\u00e7\u00e3o em vigor[\/vc_column_text][vc_empty_space empty_h=&#8221;2&#8243; desktop_visibility=&#8221;yes&#8221;][\/vc_tab][vc_tab icon=&#8221;fa fa-plus2&#8243; gutter_size=&#8221;2&#8243; column_padding=&#8221;2&#8243; title=&#8221;VANTAGENS&#8221; tab_id=&#8221;e6789adc-f7b7-cl1612892110611&#8243; slug=&#8221;vantagens&#8221;][vc_column_text]<\/p>\n<p class=\"p1\">Sabias que num curso profissional obt\u00e9ns o n\u00edvel IV? Isto significa que ter\u00e1s um dupla certifica\u00e7\u00e3o! Al\u00e9m disso, tens a grande vantagem de fazer um est\u00e1gio profissional, o que ir\u00e1 deixar-te mais perto do mercado de trabalho.<\/p>\n<p>[\/vc_column_text][vc_empty_space empty_h=&#8221;2&#8243; desktop_visibility=&#8221;yes&#8221;][\/vc_tab][vc_tab icon=&#8221;fa fa-list2&#8243; gutter_size=&#8221;2&#8243; column_padding=&#8221;2&#8243; title=&#8221;REQUISITOS&#8221; tab_id=&#8221;1613036725562-2-10&#8243; slug=&#8221;requisitos&#8221;][vc_column_text]<strong>Ensino Profissional<\/strong><\/p>\n<ul>\n<li>Ter o 9\u00ba ano completo;<\/li>\n<li>Idade inferior a 20 anos.<\/li>\n<\/ul>\n<p><strong>CEF<\/strong><\/p>\n<ul>\n<li>8\u00ba ano completo ou frequ\u00eancia do 9\u00ba ano (sem aprova\u00e7\u00e3o)<\/li>\n<\/ul>\n<p>[\/vc_column_text][vc_empty_space empty_h=&#8221;2&#8243; desktop_visibility=&#8221;yes&#8221;][\/vc_tab][\/vc_tabs][\/vc_column][\/vc_row][vc_row row_height_percent=&#8221;0&#8243; override_padding=&#8221;yes&#8221; h_padding=&#8221;2&#8243; top_padding=&#8221;5&#8243; bottom_padding=&#8221;5&#8243; back_color=&#8221;color-138132&#8243; back_image=&#8221;88339&#8243; back_position=&#8221;center center&#8221; parallax=&#8221;yes&#8221; overlay_color=&#8221;color-138132&#8243; overlay_alpha=&#8221;90&#8243; gutter_size=&#8221;100&#8243; column_width_percent=&#8221;100&#8243; shift_y=&#8221;0&#8243; z_index=&#8221;0&#8243; style=&#8221;inherited&#8221;][vc_column column_width_percent=&#8221;100&#8243; position_horizontal=&#8221;left&#8221; align_horizontal=&#8221;align_center&#8221; gutter_size=&#8221;4&#8243; style=&#8221;dark&#8221; overlay_alpha=&#8221;100&#8243; shift_x=&#8221;0&#8243; shift_y=&#8221;0&#8243; shift_y_down=&#8221;0&#8243; z_index=&#8221;0&#8243; medium_width=&#8221;0&#8243; mobile_width=&#8221;0&#8243; zoom_width=&#8221;0&#8243; zoom_height=&#8221;0&#8243; width=&#8221;1\/1&#8243;][vc_row_inner row_inner_height_percent=&#8221;0&#8243; overlay_alpha=&#8221;100&#8243; gutter_size=&#8221;4&#8243; shift_y=&#8221;0&#8243;][vc_column_inner column_width_percent=&#8221;100&#8243; align_horizontal=&#8221;align_center&#8221; gutter_size=&#8221;3&#8243; style=&#8221;dark&#8221; overlay_alpha=&#8221;100&#8243; shift_x=&#8221;0&#8243; shift_y=&#8221;0&#8243; shift_y_down=&#8221;0&#8243; z_index=&#8221;0&#8243; medium_width=&#8221;3&#8243; mobile_width=&#8221;0&#8243; zoom_width=&#8221;0&#8243; zoom_height=&#8221;0&#8243; width=&#8221;1\/3&#8243;][vc_icon icon=&#8221;fa fa-hand&#8221; background_style=&#8221;fa-rounded&#8221; size=&#8221;fa-3x&#8221; text_font=&#8221;font-762333&#8243; text_size=&#8221;h4&#8243; text_space=&#8221;fontspace-111509&#8243; no_hover=&#8221;&#8221; title=&#8221;Ensino com Vertente Pr\u00e1tica&#8221; link=&#8221;url:https%3A%2F%2Fepralima.com%2Fwebsite%2Finscricoes-ensino-profissional%2F|target:_blank&#8221;]Os cursos profissionais v\u00e3o preparar-te e ensinar-te tudo o que precisas para te tornares um verdadeiro profissional da tua \u00e1rea.[\/vc_icon][\/vc_column_inner][vc_column_inner column_width_percent=&#8221;100&#8243; align_horizontal=&#8221;align_center&#8221; gutter_size=&#8221;3&#8243; style=&#8221;dark&#8221; overlay_alpha=&#8221;100&#8243; shift_x=&#8221;0&#8243; shift_y=&#8221;0&#8243; shift_y_down=&#8221;0&#8243; z_index=&#8221;0&#8243; medium_width=&#8221;3&#8243; mobile_width=&#8221;0&#8243; zoom_width=&#8221;0&#8243; zoom_height=&#8221;0&#8243; width=&#8221;1\/3&#8243;][vc_icon icon=&#8221;fa fa-apartment&#8221; background_style=&#8221;fa-rounded&#8221; size=&#8221;fa-3x&#8221; text_font=&#8221;font-762333&#8243; text_size=&#8221;h4&#8243; text_space=&#8221;fontspace-111509&#8243; no_hover=&#8221;&#8221; title=&#8221;Integra\u00e7\u00e3o no Mercado de Trabalho&#8221; link=&#8221;url:https%3A%2F%2Fepralima.com%2Fwebsite%2Finscricoes-ensino-profissional%2F|target:_blank&#8221;]No final do curso ficar\u00e1s com uma certifica\u00e7\u00e3o de n\u00edvel IV que te ir\u00e1 permitir aceder a grandes oportunidades de emprego.[\/vc_icon][\/vc_column_inner][vc_column_inner column_width_percent=&#8221;100&#8243; align_horizontal=&#8221;align_center&#8221; gutter_size=&#8221;3&#8243; style=&#8221;dark&#8221; overlay_alpha=&#8221;100&#8243; shift_x=&#8221;0&#8243; shift_y=&#8221;0&#8243; shift_y_down=&#8221;0&#8243; z_index=&#8221;0&#8243; medium_width=&#8221;3&#8243; mobile_width=&#8221;0&#8243; zoom_width=&#8221;0&#8243; zoom_height=&#8221;0&#8243; width=&#8221;1\/3&#8243;][vc_icon icon=&#8221;fa fa-graduation-hat&#8221; background_style=&#8221;fa-rounded&#8221; size=&#8221;fa-3x&#8221; text_font=&#8221;font-762333&#8243; text_size=&#8221;h4&#8243; text_space=&#8221;fontspace-111509&#8243; no_hover=&#8221;&#8221; title=&#8221;Acesso ao Ensino Superior&#8221; link=&#8221;url:https%3A%2F%2Fepralima.com%2Fwebsite%2Finscricoes-ensino-profissional%2F|target:_blank&#8221;]Caso o teu objetivo seja adquirir sempre mais conhecimento, poder\u00e1s continuar os teus estudos no Ensino Superior j\u00e1 com uma grande aprendizagem.[\/vc_icon][\/vc_column_inner][\/vc_row_inner][vc_button size=&#8221;btn-lg&#8221; radius=&#8221;btn-circle&#8221; outline=&#8221;yes&#8221; shadow=&#8221;yes&#8221; shadow_weight=&#8221;std&#8221; border_width=&#8221;0&#8243; link=&#8221;url:https%3A%2F%2Fepralima.com%2Fwebsite%2Finscricoes-ensino-profissional%2F|target:_blank&#8221;]FAZ J\u00c1 A TUA PR\u00c9-INSCRI\u00c7\u00c3O[\/vc_button][\/vc_column][\/vc_row]<\/p>\n<\/div>","protected":false},"excerpt":{"rendered":"<p>[vc_row row_height_percent=&#8221;0&#8243; override_padding=&#8221;yes&#8221; h_padding=&#8221;2&#8243; top_padding=&#8221;5&#8243; bottom_padding=&#8221;3&#8243; overlay_alpha=&#8221;100&#8243; gutter_size=&#8221;100&#8243; shift_y=&#8221;0&#8243; style=&#8221;inherited&#8221;][vc_column column_width_percent=&#8221;100&#8243; gutter_size=&#8221;3&#8243; overlay_alpha=&#8221;100&#8243; shift_x=&#8221;0&#8243; shift_y=&#8221;0&#8243; medium_width=&#8221;0&#8243; zoom_width=&#8221;0&#8243; zoom_height=&#8221;0&#8243; width=&#8221;1\/1&#8243;][vc_row_inner row_inner_height_percent=&#8221;0&#8243; [&hellip;]<\/p>\n","protected":false},"author":2,"featured_media":90590,"parent":0,"menu_order":0,"comment_status":"closed","ping_status":"closed","template":"","meta":{"_acf_changed":false,"om_disable_all_campaigns":false,"_monsterinsights_skip_tracking":false,"_monsterinsights_sitenote_active":false,"_monsterinsights_sitenote_note":"","_monsterinsights_sitenote_category":0,"_uf_show_specific_survey":0,"_uf_disable_surveys":false,"footnotes":""},"class_list":["post-88024","page","type-page","status-publish","has-post-thumbnail","hentry"],"acf":[],"aioseo_notices":[],"_links":{"self":[{"href":"https:\/\/www.epralima.com\/website\/wp-json\/wp\/v2\/pages\/88024","targetHints":{"allow":["GET"]}}],"collection":[{"href":"https:\/\/www.epralima.com\/website\/wp-json\/wp\/v2\/pages"}],"about":[{"href":"https:\/\/www.epralima.com\/website\/wp-json\/wp\/v2\/types\/page"}],"author":[{"embeddable":true,"href":"https:\/\/www.epralima.com\/website\/wp-json\/wp\/v2\/users\/2"}],"replies":[{"embeddable":true,"href":"https:\/\/www.epralima.com\/website\/wp-json\/wp\/v2\/comments?post=88024"}],"version-history":[{"count":71,"href":"https:\/\/www.epralima.com\/website\/wp-json\/wp\/v2\/pages\/88024\/revisions"}],"predecessor-version":[{"id":169640,"href":"https:\/\/www.epralima.com\/website\/wp-json\/wp\/v2\/pages\/88024\/revisions\/169640"}],"wp:featuredmedia":[{"embeddable":true,"href":"https:\/\/www.epralima.com\/website\/wp-json\/wp\/v2\/media\/90590"}],"wp:attachment":[{"href":"https:\/\/www.epralima.com\/website\/wp-json\/wp\/v2\/media?parent=88024"}],"curies":[{"name":"wp","href":"https:\/\/api.w.org\/{rel}","templated":true}]}}